{"id":9921,"date":"2025-10-24T18:19:29","date_gmt":"2025-10-24T18:19:29","guid":{"rendered":"https:\/\/www.myinformatique.ma\/bienvenue\/?post_type=product&#038;p=9921"},"modified":"2025-10-24T18:25:35","modified_gmt":"2025-10-24T18:25:35","slug":"iphone-15-normal","status":"publish","type":"product","link":"https:\/\/www.myinformatique.ma\/bienvenue\/product\/iphone-15-normal\/","title":{"rendered":"IPHONE 15 NORMAL"},"content":{"rendered":"","protected":false},"excerpt":{"rendered":"<p>Processeur : A16 Bionic \u2013 Performances exceptionnelles pour des applications fluides, un traitement rapide des donn\u00e9es et une gestion efficace de l\u2019\u00e9nergie<\/p>\n<hr \/>\n<p>RAM : 6 Go \u2013 Multit\u00e2che r\u00e9actif pour une exp\u00e9rience fluide sans ralentissements<\/p>\n<hr \/>\n<p>Stockage : 128 Go \u2013 Espace suffisant pour stocker vos photos, vid\u00e9os, applications et plus encore<\/p>\n<hr \/>\n<p>\u00c9cran : 6.1\u201d Super Retina XDR OLED \u2013 Affichage vibrant avec des couleurs riches et une haute d\u00e9finition<\/p>\n<hr \/>\n<p>Appareil photo : 48 MP (principal) + 12 MP (ultra grand-angle) \u2013 Des photos de qualit\u00e9 professionnelle avec un excellent rendu des couleurs et une performance am\u00e9lior\u00e9e en faible luminosit\u00e9<\/p>\n<hr \/>\n<p>Batterie : Autonomie d\u2019une journ\u00e9e compl\u00e8te avec recharge rapide \u2013 Jusqu&#8217;\u00e0 20 heures de lecture vid\u00e9o<\/p>\n<hr \/>\n<p>Connectivit\u00e9 : 5G \u2013 Connexion ultra-rapide pour un streaming et une navigation sans coupure<\/p>\n<hr \/>\n<p>&nbsp;<\/p>\n","protected":false},"featured_media":9926,"comment_status":"open","ping_status":"closed","template":"","meta":{"_acf_changed":false,"_monsterinsights_skip_tracking":false,"_monsterinsights_sitenote_active":false,"_monsterinsights_sitenote_note":"","_monsterinsights_sitenote_category":0},"product_brand":[],"product_cat":[236,238],"product_tag":[],"class_list":{"0":"post-9921","1":"product","2":"type-product","3":"status-publish","4":"has-post-thumbnail","6":"product_cat-telephones","7":"product_cat-iphone","9":"first","10":"instock","11":"featured","12":"shipping-taxable","13":"purchasable","14":"product-type-simple"},"acf":[],"_links":{"self":[{"href":"https:\/\/www.myinformatique.ma\/bienvenue\/wp-json\/wp\/v2\/product\/9921","targetHints":{"allow":["GET"]}}],"collection":[{"href":"https:\/\/www.myinformatique.ma\/bienvenue\/wp-json\/wp\/v2\/product"}],"about":[{"href":"https:\/\/www.myinformatique.ma\/bienvenue\/wp-json\/wp\/v2\/types\/product"}],"replies":[{"embeddable":true,"href":"https:\/\/www.myinformatique.ma\/bienvenue\/wp-json\/wp\/v2\/comments?post=9921"}],"wp:featuredmedia":[{"embeddable":true,"href":"https:\/\/www.myinformatique.ma\/bienvenue\/wp-json\/wp\/v2\/media\/9926"}],"wp:attachment":[{"href":"https:\/\/www.myinformatique.ma\/bienvenue\/wp-json\/wp\/v2\/media?parent=9921"}],"wp:term":[{"taxonomy":"product_brand","embeddable":true,"href":"https:\/\/www.myinformatique.ma\/bienvenue\/wp-json\/wp\/v2\/product_brand?post=9921"},{"taxonomy":"product_cat","embeddable":true,"href":"https:\/\/www.myinformatique.ma\/bienvenue\/wp-json\/wp\/v2\/product_cat?post=9921"},{"taxonomy":"product_tag","embeddable":true,"href":"https:\/\/www.myinformatique.ma\/bienvenue\/wp-json\/wp\/v2\/product_tag?post=9921"}],"curies":[{"name":"wp","href":"https:\/\/api.w.org\/{rel}","templated":true}]}}