{"id":9312,"date":"2025-07-09T17:11:18","date_gmt":"2025-07-09T17:11:18","guid":{"rendered":"https:\/\/www.myinformatique.ma\/bienvenue\/?post_type=product&#038;p=9312"},"modified":"2025-07-09T17:21:36","modified_gmt":"2025-07-09T17:21:36","slug":"hp-all-in-one-24-8-256go","status":"publish","type":"product","link":"https:\/\/www.myinformatique.ma\/bienvenue\/product\/hp-all-in-one-24-8-256go\/","title":{"rendered":"HP ALL-IN-ONE 24"},"content":{"rendered":"","protected":false},"excerpt":{"rendered":"<p>Processeur : Intel Core i5-1335U (13\u1d49 g\u00e9n\u00e9ration)<\/p>\n<hr \/>\n<p>Carte graphique : Intel Iris Xe Graphics<\/p>\n<hr \/>\n<p>RAM : 8 Go DDR4 \u2013 3200 MHz<\/p>\n<hr \/>\n<p>Stockage : 256 Go SSD \u2013 D\u00e9marrage rapide et fluide<\/p>\n<hr \/>\n<p>\u00c9cran : 24\u201d Full HD \u2013 Grand affichage confortable<\/p>\n<hr \/>\n<p>Design tout-en-un : Moderne, compact et sans encombrement<\/p>\n<hr \/>\n<p>Id\u00e9al pour : Bureautique, \u00e9tudes, navigation et multim\u00e9dia<\/p>\n<hr \/>\n<p>Syst\u00e8me d\u2019exploitation : Windows (selon configuration install\u00e9e)<\/p>\n","protected":false},"featured_media":9313,"comment_status":"open","ping_status":"closed","template":"","meta":{"_acf_changed":false,"_monsterinsights_skip_tracking":false,"_monsterinsights_sitenote_active":false,"_monsterinsights_sitenote_note":"","_monsterinsights_sitenote_category":0},"product_brand":[],"product_cat":[263],"product_tag":[],"class_list":{"0":"post-9312","1":"product","2":"type-product","3":"status-publish","4":"has-post-thumbnail","6":"product_cat-all-in-one","8":"first","9":"instock","10":"shipping-taxable","11":"purchasable","12":"product-type-simple"},"acf":[],"_links":{"self":[{"href":"https:\/\/www.myinformatique.ma\/bienvenue\/wp-json\/wp\/v2\/product\/9312","targetHints":{"allow":["GET"]}}],"collection":[{"href":"https:\/\/www.myinformatique.ma\/bienvenue\/wp-json\/wp\/v2\/product"}],"about":[{"href":"https:\/\/www.myinformatique.ma\/bienvenue\/wp-json\/wp\/v2\/types\/product"}],"replies":[{"embeddable":true,"href":"https:\/\/www.myinformatique.ma\/bienvenue\/wp-json\/wp\/v2\/comments?post=9312"}],"wp:featuredmedia":[{"embeddable":true,"href":"https:\/\/www.myinformatique.ma\/bienvenue\/wp-json\/wp\/v2\/media\/9313"}],"wp:attachment":[{"href":"https:\/\/www.myinformatique.ma\/bienvenue\/wp-json\/wp\/v2\/media?parent=9312"}],"wp:term":[{"taxonomy":"product_brand","embeddable":true,"href":"https:\/\/www.myinformatique.ma\/bienvenue\/wp-json\/wp\/v2\/product_brand?post=9312"},{"taxonomy":"product_cat","embeddable":true,"href":"https:\/\/www.myinformatique.ma\/bienvenue\/wp-json\/wp\/v2\/product_cat?post=9312"},{"taxonomy":"product_tag","embeddable":true,"href":"https:\/\/www.myinformatique.ma\/bienvenue\/wp-json\/wp\/v2\/product_tag?post=9312"}],"curies":[{"name":"wp","href":"https:\/\/api.w.org\/{rel}","templated":true}]}}