{"id":9300,"date":"2025-07-09T11:28:01","date_gmt":"2025-07-09T11:28:01","guid":{"rendered":"https:\/\/www.myinformatique.ma\/bienvenue\/?post_type=product&#038;p=9300"},"modified":"2025-10-22T11:43:22","modified_gmt":"2025-10-22T11:43:22","slug":"redmi-pad-se-4-128gb","status":"publish","type":"product","link":"https:\/\/www.myinformatique.ma\/bienvenue\/product\/redmi-pad-se-4-128gb\/","title":{"rendered":"REDMI PAD SE 4\/128Go"},"content":{"rendered":"","protected":false},"excerpt":{"rendered":"<p>\u00c9cran : 11\u201d FHD+ \u2013 Immersif avec couleurs riches<\/p>\n<hr \/>\n<p>Taux de rafra\u00eechissement : 90Hz avec AdaptiveSync<\/p>\n<hr \/>\n<p>Processeur : Qualcomm Snapdragon 680<\/p>\n<hr \/>\n<p>RAM : 4 Go<\/p>\n<hr \/>\n<p>Stockage : 128 Go<\/p>\n<hr \/>\n<p>Batterie : 8000 mAh \u2013 Grande autonomie<\/p>\n<hr \/>\n<p>Audio : 4 haut-parleurs avec Dolby Atmos<\/p>\n<hr \/>\n<p>Design : \u00c9l\u00e9gant, fin et l\u00e9ger \u2013 ch\u00e2ssis en m\u00e9tal<\/p>\n<hr \/>\n<p>Parfait pour : le divertissement, l\u2019\u00e9tude et la navigation fluide<\/p>\n","protected":false},"featured_media":9301,"comment_status":"open","ping_status":"closed","template":"","meta":{"_acf_changed":false,"_monsterinsights_skip_tracking":false,"_monsterinsights_sitenote_active":false,"_monsterinsights_sitenote_note":"","_monsterinsights_sitenote_category":0},"product_brand":[],"product_cat":[239,346],"product_tag":[],"class_list":{"0":"post-9300","1":"product","2":"type-product","3":"status-publish","4":"has-post-thumbnail","6":"product_cat-tablettes","7":"product_cat-xiaomi","9":"first","10":"instock","11":"shipping-taxable","12":"purchasable","13":"product-type-simple"},"acf":[],"_links":{"self":[{"href":"https:\/\/www.myinformatique.ma\/bienvenue\/wp-json\/wp\/v2\/product\/9300","targetHints":{"allow":["GET"]}}],"collection":[{"href":"https:\/\/www.myinformatique.ma\/bienvenue\/wp-json\/wp\/v2\/product"}],"about":[{"href":"https:\/\/www.myinformatique.ma\/bienvenue\/wp-json\/wp\/v2\/types\/product"}],"replies":[{"embeddable":true,"href":"https:\/\/www.myinformatique.ma\/bienvenue\/wp-json\/wp\/v2\/comments?post=9300"}],"wp:featuredmedia":[{"embeddable":true,"href":"https:\/\/www.myinformatique.ma\/bienvenue\/wp-json\/wp\/v2\/media\/9301"}],"wp:attachment":[{"href":"https:\/\/www.myinformatique.ma\/bienvenue\/wp-json\/wp\/v2\/media?parent=9300"}],"wp:term":[{"taxonomy":"product_brand","embeddable":true,"href":"https:\/\/www.myinformatique.ma\/bienvenue\/wp-json\/wp\/v2\/product_brand?post=9300"},{"taxonomy":"product_cat","embeddable":true,"href":"https:\/\/www.myinformatique.ma\/bienvenue\/wp-json\/wp\/v2\/product_cat?post=9300"},{"taxonomy":"product_tag","embeddable":true,"href":"https:\/\/www.myinformatique.ma\/bienvenue\/wp-json\/wp\/v2\/product_tag?post=9300"}],"curies":[{"name":"wp","href":"https:\/\/api.w.org\/{rel}","templated":true}]}}