{"id":9286,"date":"2025-07-09T09:42:30","date_gmt":"2025-07-09T09:42:30","guid":{"rendered":"https:\/\/www.myinformatique.ma\/bienvenue\/?post_type=product&#038;p=9286"},"modified":"2025-07-09T10:01:27","modified_gmt":"2025-07-09T10:01:27","slug":"hp-color-laser-150nw","status":"publish","type":"product","link":"https:\/\/www.myinformatique.ma\/bienvenue\/product\/hp-color-laser-150nw\/","title":{"rendered":"HP COLOR LASER 150NW"},"content":{"rendered":"","protected":false},"excerpt":{"rendered":"<p>Fonction : Impression couleur uniquement<\/p>\n<hr \/>\n<p>Impression recto verso : Manuelle<\/p>\n<hr \/>\n<p>Vitesse d\u2019impression : Noir : jusqu\u2019\u00e0 19 pages\/minute<\/p>\n<hr \/>\n<p>Vitesse d\u2019impression : Couleur : jusqu\u2019\u00e0 4 pages\/minute<\/p>\n<hr \/>\n<p>R\u00e9solution : Jusqu\u2019\u00e0 600 x 600 ppp<\/p>\n<hr \/>\n<p>Connectivit\u00e9 : Wi-Fi\u00a0 &#8211;\u00a0 USB direct &#8211;\u00a0 Ethernet<\/p>\n<hr \/>\n<p>M\u00e9moire : 64 Mo<\/p>\n<hr \/>\n<p>Connectivit\u00e9 : Wi-Fi &#8211; USB 2.0 haute vitesse<\/p>\n<hr \/>\n<p>\u00c9cran int\u00e9gr\u00e9 : Oui<\/p>\n<hr \/>\n<p>Impression couleur de qualit\u00e9<\/p>\n<hr \/>\n<p>Format compact et \u00e9l\u00e9gant \u2013 Id\u00e9al pour les petits bureaux ou usage domestique<\/p>\n","protected":false},"featured_media":9287,"comment_status":"open","ping_status":"closed","template":"","meta":{"_acf_changed":false,"_monsterinsights_skip_tracking":false,"_monsterinsights_sitenote_active":false,"_monsterinsights_sitenote_note":"","_monsterinsights_sitenote_category":0},"product_brand":[],"product_cat":[251],"product_tag":[],"class_list":{"0":"post-9286","1":"product","2":"type-product","3":"status-publish","4":"has-post-thumbnail","6":"product_cat-impriments","8":"first","9":"instock","10":"shipping-taxable","11":"purchasable","12":"product-type-simple"},"acf":[],"_links":{"self":[{"href":"https:\/\/www.myinformatique.ma\/bienvenue\/wp-json\/wp\/v2\/product\/9286","targetHints":{"allow":["GET"]}}],"collection":[{"href":"https:\/\/www.myinformatique.ma\/bienvenue\/wp-json\/wp\/v2\/product"}],"about":[{"href":"https:\/\/www.myinformatique.ma\/bienvenue\/wp-json\/wp\/v2\/types\/product"}],"replies":[{"embeddable":true,"href":"https:\/\/www.myinformatique.ma\/bienvenue\/wp-json\/wp\/v2\/comments?post=9286"}],"wp:featuredmedia":[{"embeddable":true,"href":"https:\/\/www.myinformatique.ma\/bienvenue\/wp-json\/wp\/v2\/media\/9287"}],"wp:attachment":[{"href":"https:\/\/www.myinformatique.ma\/bienvenue\/wp-json\/wp\/v2\/media?parent=9286"}],"wp:term":[{"taxonomy":"product_brand","embeddable":true,"href":"https:\/\/www.myinformatique.ma\/bienvenue\/wp-json\/wp\/v2\/product_brand?post=9286"},{"taxonomy":"product_cat","embeddable":true,"href":"https:\/\/www.myinformatique.ma\/bienvenue\/wp-json\/wp\/v2\/product_cat?post=9286"},{"taxonomy":"product_tag","embeddable":true,"href":"https:\/\/www.myinformatique.ma\/bienvenue\/wp-json\/wp\/v2\/product_tag?post=9286"}],"curies":[{"name":"wp","href":"https:\/\/api.w.org\/{rel}","templated":true}]}}