{"id":9272,"date":"2025-07-08T15:40:17","date_gmt":"2025-07-08T15:40:17","guid":{"rendered":"https:\/\/www.myinformatique.ma\/bienvenue\/?post_type=product&#038;p=9272"},"modified":"2026-02-04T12:36:40","modified_gmt":"2026-02-04T12:36:40","slug":"hp-laserjet-mfp-m234dw","status":"publish","type":"product","link":"https:\/\/www.myinformatique.ma\/bienvenue\/product\/hp-laserjet-mfp-m234dw\/","title":{"rendered":"HP LASERJET MFP M234DW"},"content":{"rendered":"","protected":false},"excerpt":{"rendered":"<p>Impression, copie et num\u00e9risation recto-verso automatiques<\/p>\n<hr \/>\n<p>Vitesse d\u2019impression rapide jusqu\u2019\u00e0 30 ppm en noir<\/p>\n<hr \/>\n<p>Impression blanc et noir<\/p>\n<hr \/>\n<p>Connectivit\u00e9 sans fil : Wi-Fi, Wi-Fi Direct, Apple AirPrint\u2122, Mopria\u2122 et USB<\/p>\n<hr \/>\n<p>Volume de pages mensuel recommand\u00e9 de 200 \u00e0 2 000 pages<\/p>\n<hr \/>\n<p>Impression recto-verso automatique pour \u00e9conomiser le papier<\/p>\n<hr \/>\n<p>\u00c9cran LCD iconographique (1,27\u201d ou 1,6\u201d) simple et facile \u00e0 utiliser<\/p>\n<hr \/>\n<p>Format compact et silencieux, id\u00e9al pour les bureaux et le t\u00e9l\u00e9travail<\/p>\n","protected":false},"featured_media":9273,"comment_status":"open","ping_status":"closed","template":"","meta":{"_acf_changed":false,"_monsterinsights_skip_tracking":false,"_monsterinsights_sitenote_active":false,"_monsterinsights_sitenote_note":"","_monsterinsights_sitenote_category":0},"product_brand":[],"product_cat":[251],"product_tag":[],"class_list":{"0":"post-9272","1":"product","2":"type-product","3":"status-publish","4":"has-post-thumbnail","6":"product_cat-impriments","8":"first","9":"instock","10":"shipping-taxable","11":"purchasable","12":"product-type-simple"},"acf":[],"_links":{"self":[{"href":"https:\/\/www.myinformatique.ma\/bienvenue\/wp-json\/wp\/v2\/product\/9272","targetHints":{"allow":["GET"]}}],"collection":[{"href":"https:\/\/www.myinformatique.ma\/bienvenue\/wp-json\/wp\/v2\/product"}],"about":[{"href":"https:\/\/www.myinformatique.ma\/bienvenue\/wp-json\/wp\/v2\/types\/product"}],"replies":[{"embeddable":true,"href":"https:\/\/www.myinformatique.ma\/bienvenue\/wp-json\/wp\/v2\/comments?post=9272"}],"wp:featuredmedia":[{"embeddable":true,"href":"https:\/\/www.myinformatique.ma\/bienvenue\/wp-json\/wp\/v2\/media\/9273"}],"wp:attachment":[{"href":"https:\/\/www.myinformatique.ma\/bienvenue\/wp-json\/wp\/v2\/media?parent=9272"}],"wp:term":[{"taxonomy":"product_brand","embeddable":true,"href":"https:\/\/www.myinformatique.ma\/bienvenue\/wp-json\/wp\/v2\/product_brand?post=9272"},{"taxonomy":"product_cat","embeddable":true,"href":"https:\/\/www.myinformatique.ma\/bienvenue\/wp-json\/wp\/v2\/product_cat?post=9272"},{"taxonomy":"product_tag","embeddable":true,"href":"https:\/\/www.myinformatique.ma\/bienvenue\/wp-json\/wp\/v2\/product_tag?post=9272"}],"curies":[{"name":"wp","href":"https:\/\/api.w.org\/{rel}","templated":true}]}}