{"id":8477,"date":"2024-04-26T17:11:05","date_gmt":"2024-04-26T17:11:05","guid":{"rendered":"https:\/\/www.myinformatique.ma\/bienvenue\/?post_type=product&#038;p=8477"},"modified":"2024-10-11T10:22:04","modified_gmt":"2024-10-11T10:22:04","slug":"r400-laser-presentation-remote","status":"publish","type":"product","link":"https:\/\/www.myinformatique.ma\/bienvenue\/product\/r400-laser-presentation-remote\/","title":{"rendered":"R400 LASER PRESENTATION REMOTE"},"content":{"rendered":"<p><a href=\"https:\/\/www.econer.ma\/categorie-produit\/peripheriques\/presentateur\/\" target=\"_blank\" rel=\"noopener\">Wirless Presenter \u2013 T\u00e9l\u00e9commande de pr\u00e9sentation sans fil\u00a0<\/a><\/p>\n<p>Technologie sans fil : Technologie sans fil 2,4 GHz<br \/>\nDistance de fonctionnement : Env. 10 m\u00e8tres 3D\u00e9pend de l\u2019environnement et du mode d\u2019utilisation.<\/p>\n<p>Niveau de sortie max : inf\u00e9rieur \u00e0 1 mW<br \/>\nLongueur d\u2019onde : 640\uff5e660 nm (lumi\u00e8re rouge)<\/p>\n<p>Long\u00e9vit\u00e9 des piles (Pointeur laser) : 20 heures maximum<br \/>\nLong\u00e9vit\u00e9 des piles (Dispositif de pr\u00e9sentation) : 1 050 heures maximum<\/p>\n","protected":false},"excerpt":{"rendered":"<p>Wirless Presenter \u2013 T\u00e9l\u00e9commande de pr\u00e9sentation sans fil\u00a0 Technologie sans fil : Technologie sans fil 2,4 GHz Distance de fonctionnement : Env. 10 m\u00e8tres 3D\u00e9pend de l\u2019environnement et du mode<\/p>\n","protected":false},"featured_media":8479,"comment_status":"open","ping_status":"closed","template":"","meta":{"_acf_changed":false,"_monsterinsights_skip_tracking":false,"_monsterinsights_sitenote_active":false,"_monsterinsights_sitenote_note":"","_monsterinsights_sitenote_category":0},"product_brand":[],"product_cat":[15],"product_tag":[],"class_list":{"0":"post-8477","1":"product","2":"type-product","3":"status-publish","4":"has-post-thumbnail","6":"product_cat-non-classe","8":"first","9":"instock","10":"shipping-taxable","11":"purchasable","12":"product-type-simple"},"acf":[],"_links":{"self":[{"href":"https:\/\/www.myinformatique.ma\/bienvenue\/wp-json\/wp\/v2\/product\/8477","targetHints":{"allow":["GET"]}}],"collection":[{"href":"https:\/\/www.myinformatique.ma\/bienvenue\/wp-json\/wp\/v2\/product"}],"about":[{"href":"https:\/\/www.myinformatique.ma\/bienvenue\/wp-json\/wp\/v2\/types\/product"}],"replies":[{"embeddable":true,"href":"https:\/\/www.myinformatique.ma\/bienvenue\/wp-json\/wp\/v2\/comments?post=8477"}],"wp:featuredmedia":[{"embeddable":true,"href":"https:\/\/www.myinformatique.ma\/bienvenue\/wp-json\/wp\/v2\/media\/8479"}],"wp:attachment":[{"href":"https:\/\/www.myinformatique.ma\/bienvenue\/wp-json\/wp\/v2\/media?parent=8477"}],"wp:term":[{"taxonomy":"product_brand","embeddable":true,"href":"https:\/\/www.myinformatique.ma\/bienvenue\/wp-json\/wp\/v2\/product_brand?post=8477"},{"taxonomy":"product_cat","embeddable":true,"href":"https:\/\/www.myinformatique.ma\/bienvenue\/wp-json\/wp\/v2\/product_cat?post=8477"},{"taxonomy":"product_tag","embeddable":true,"href":"https:\/\/www.myinformatique.ma\/bienvenue\/wp-json\/wp\/v2\/product_tag?post=8477"}],"curies":[{"name":"wp","href":"https:\/\/api.w.org\/{rel}","templated":true}]}}