{"id":8329,"date":"2024-04-25T17:17:14","date_gmt":"2024-04-25T17:17:14","guid":{"rendered":"https:\/\/www.myinformatique.ma\/bienvenue\/?post_type=product&#038;p=8329"},"modified":"2024-04-25T17:22:29","modified_gmt":"2024-04-25T17:22:29","slug":"xiaomi-mi-router-4g","status":"publish","type":"product","link":"https:\/\/www.myinformatique.ma\/bienvenue\/product\/xiaomi-mi-router-4g\/","title":{"rendered":"Xiaomi Mi router 4G"},"content":{"rendered":"","protected":false},"excerpt":{"rendered":"<ol>\n<li><strong><span style=\"color: #3366ff;\">Connectivit\u00e9 4G LTE<\/span> :<\/strong> Le Mi Router 4G utilise la technologie 4G LTE pour vous offrir une connexion Internet \u00e0 haut d\u00e9bit, id\u00e9ale pour les zones o\u00f9 l&#8217;acc\u00e8s \u00e0 Internet fixe est limit\u00e9 ou indisponible.<br \/>\n<hr \/>\n<\/li>\n<li><strong><span style=\"color: #3366ff;\">Wi-Fi Dual Band<\/span> :<\/strong> Il prend en charge les bandes de fr\u00e9quence 2,4 GHz et 5 GHz, offrant une compatibilit\u00e9 \u00e9tendue avec une large gamme d&#8217;appareils et une meilleure performance dans les environnements encombr\u00e9s.<br \/>\n<hr \/>\n<\/li>\n<li><strong><span style=\"color: #3366ff;\">Vitesse de transmission \u00e9lev\u00e9e<\/span> :<\/strong> Avec des d\u00e9bits de t\u00e9l\u00e9chargement pouvant atteindre 150 Mbps en 4G et des vitesses de transfert sans fil pouvant atteindre 1167 Mbps, le Mi Router 4G offre des performances \u00e9lev\u00e9es pour le streaming vid\u00e9o, les jeux en ligne et d&#8217;autres activit\u00e9s en ligne gourmandes en bande passante.<br \/>\n<hr \/>\n<\/li>\n<li><strong><span style=\"color: #3366ff;\">Portabilit\u00e9<\/span> :<\/strong> Gr\u00e2ce \u00e0 sa conception compacte et l\u00e9g\u00e8re, le Mi Router 4G est facile \u00e0 transporter, ce qui en fait un choix id\u00e9al pour une utilisation en d\u00e9placement, lors de voyages ou en tant que solution de secours en cas de panne Internet.<br \/>\n<hr \/>\n<\/li>\n<li><strong><span style=\"color: #3366ff;\">Slot pour carte SIM<\/span> :<\/strong> Il dispose d&#8217;un slot pour carte SIM standard, vous permettant d&#8217;ins\u00e9rer votre carte SIM et de vous connecter instantan\u00e9ment \u00e0 Internet sans avoir besoin d&#8217;un modem externe.<\/li>\n<\/ol>\n","protected":false},"featured_media":8331,"comment_status":"open","ping_status":"closed","template":"","meta":{"_acf_changed":false,"_monsterinsights_skip_tracking":false,"_monsterinsights_sitenote_active":false,"_monsterinsights_sitenote_note":"","_monsterinsights_sitenote_category":0},"product_brand":[],"product_cat":[15],"product_tag":[],"class_list":{"0":"post-8329","1":"product","2":"type-product","3":"status-publish","4":"has-post-thumbnail","6":"product_cat-non-classe","8":"first","9":"instock","10":"shipping-taxable","11":"purchasable","12":"product-type-simple"},"acf":[],"_links":{"self":[{"href":"https:\/\/www.myinformatique.ma\/bienvenue\/wp-json\/wp\/v2\/product\/8329","targetHints":{"allow":["GET"]}}],"collection":[{"href":"https:\/\/www.myinformatique.ma\/bienvenue\/wp-json\/wp\/v2\/product"}],"about":[{"href":"https:\/\/www.myinformatique.ma\/bienvenue\/wp-json\/wp\/v2\/types\/product"}],"replies":[{"embeddable":true,"href":"https:\/\/www.myinformatique.ma\/bienvenue\/wp-json\/wp\/v2\/comments?post=8329"}],"wp:featuredmedia":[{"embeddable":true,"href":"https:\/\/www.myinformatique.ma\/bienvenue\/wp-json\/wp\/v2\/media\/8331"}],"wp:attachment":[{"href":"https:\/\/www.myinformatique.ma\/bienvenue\/wp-json\/wp\/v2\/media?parent=8329"}],"wp:term":[{"taxonomy":"product_brand","embeddable":true,"href":"https:\/\/www.myinformatique.ma\/bienvenue\/wp-json\/wp\/v2\/product_brand?post=8329"},{"taxonomy":"product_cat","embeddable":true,"href":"https:\/\/www.myinformatique.ma\/bienvenue\/wp-json\/wp\/v2\/product_cat?post=8329"},{"taxonomy":"product_tag","embeddable":true,"href":"https:\/\/www.myinformatique.ma\/bienvenue\/wp-json\/wp\/v2\/product_tag?post=8329"}],"curies":[{"name":"wp","href":"https:\/\/api.w.org\/{rel}","templated":true}]}}