{"id":8272,"date":"2024-04-24T16:02:37","date_gmt":"2024-04-24T16:02:37","guid":{"rendered":"https:\/\/www.myinformatique.ma\/bienvenue\/?post_type=product&#038;p=8272"},"modified":"2024-04-24T16:02:37","modified_gmt":"2024-04-24T16:02:37","slug":"usb-3-0-superspeed-4-port-hub","status":"publish","type":"product","link":"https:\/\/www.myinformatique.ma\/bienvenue\/product\/usb-3-0-superspeed-4-port-hub\/","title":{"rendered":"USB 3.0-SuperSpeed 4 Port Hub"},"content":{"rendered":"","protected":false},"excerpt":{"rendered":"<ul>\n<li><strong>Longueur du c\u00e2ble<\/strong> : 30 cm, offrant une certaine flexibilit\u00e9 pour connecter le hub \u00e0 votre ordinateur ou autre appareil h\u00f4te.<br \/>\n<hr \/>\n<\/li>\n<li><strong>Nombre de ports<\/strong> : 4 ports USB 3.0 SuperSpeed, offrant des taux de transfert de donn\u00e9es allant jusqu&#8217;\u00e0 5 Gbit\/s, ce qui permet de connecter jusqu&#8217;\u00e0 quatre p\u00e9riph\u00e9riques USB \u00e0 haute vitesse \u00e0 votre appareil.<br \/>\n<hr \/>\n<\/li>\n<li><strong>Indication LED<\/strong> : Dispose de voyants LED pour indiquer l&#8217;\u00e9tat de fonctionnement du hub et des p\u00e9riph\u00e9riques connect\u00e9s.<br \/>\n<hr \/>\n<\/li>\n<li><strong>Taille fine<\/strong> : Con\u00e7u avec une taille fine pour une utilisation pratique et pour \u00e9conomiser de l&#8217;espace sur votre bureau ou dans votre sac lors de vos d\u00e9placements.<br \/>\n<hr \/>\n<\/li>\n<li><strong>Protection fusible<\/strong> : \u00c9quip\u00e9 d&#8217;un fusible pour prot\u00e9ger tous les p\u00e9riph\u00e9riques connect\u00e9s en cas de surtensions ou de court-circuits.<br \/>\n<hr \/>\n<\/li>\n<li><strong>Alimentation DC 5V<\/strong> : Dispose d&#8217;un connecteur d&#8217;alimentation DC 5V pour fournir de l&#8217;\u00e9nergie suppl\u00e9mentaire au hub et aux p\u00e9riph\u00e9riques connect\u00e9s si n\u00e9cessaire.<br \/>\n<hr \/>\n<\/li>\n<li><strong>Conformit\u00e9 USB<\/strong> : Conforme \u00e0 la r\u00e9vision 2.0 de la norme USB, ce qui signifie qu&#8217;il est compatible avec les normes USB 2.0 et r\u00e9trocompatible avec les p\u00e9riph\u00e9riques prenant en charge l&#8217;USB 2.0 et l&#8217;USB 1.1.<\/li>\n<\/ul>\n","protected":false},"featured_media":8273,"comment_status":"open","ping_status":"closed","template":"","meta":{"_acf_changed":false,"_monsterinsights_skip_tracking":false,"_monsterinsights_sitenote_active":false,"_monsterinsights_sitenote_note":"","_monsterinsights_sitenote_category":0},"product_brand":[],"product_cat":[15],"product_tag":[],"class_list":{"0":"post-8272","1":"product","2":"type-product","3":"status-publish","4":"has-post-thumbnail","6":"product_cat-non-classe","8":"first","9":"instock","10":"shipping-taxable","11":"purchasable","12":"product-type-simple"},"acf":[],"_links":{"self":[{"href":"https:\/\/www.myinformatique.ma\/bienvenue\/wp-json\/wp\/v2\/product\/8272","targetHints":{"allow":["GET"]}}],"collection":[{"href":"https:\/\/www.myinformatique.ma\/bienvenue\/wp-json\/wp\/v2\/product"}],"about":[{"href":"https:\/\/www.myinformatique.ma\/bienvenue\/wp-json\/wp\/v2\/types\/product"}],"replies":[{"embeddable":true,"href":"https:\/\/www.myinformatique.ma\/bienvenue\/wp-json\/wp\/v2\/comments?post=8272"}],"wp:featuredmedia":[{"embeddable":true,"href":"https:\/\/www.myinformatique.ma\/bienvenue\/wp-json\/wp\/v2\/media\/8273"}],"wp:attachment":[{"href":"https:\/\/www.myinformatique.ma\/bienvenue\/wp-json\/wp\/v2\/media?parent=8272"}],"wp:term":[{"taxonomy":"product_brand","embeddable":true,"href":"https:\/\/www.myinformatique.ma\/bienvenue\/wp-json\/wp\/v2\/product_brand?post=8272"},{"taxonomy":"product_cat","embeddable":true,"href":"https:\/\/www.myinformatique.ma\/bienvenue\/wp-json\/wp\/v2\/product_cat?post=8272"},{"taxonomy":"product_tag","embeddable":true,"href":"https:\/\/www.myinformatique.ma\/bienvenue\/wp-json\/wp\/v2\/product_tag?post=8272"}],"curies":[{"name":"wp","href":"https:\/\/api.w.org\/{rel}","templated":true}]}}