{"id":8270,"date":"2024-04-24T15:42:28","date_gmt":"2024-04-24T15:42:28","guid":{"rendered":"https:\/\/www.myinformatique.ma\/bienvenue\/?post_type=product&#038;p=8270"},"modified":"2024-07-04T18:43:57","modified_gmt":"2024-07-04T18:43:57","slug":"tp-link-superspeed","status":"publish","type":"product","link":"https:\/\/www.myinformatique.ma\/bienvenue\/product\/tp-link-superspeed\/","title":{"rendered":"tp-link SuperSpeed"},"content":{"rendered":"<h1>SuperSpeed 3.0 USB-C to USB-A Adapter<\/h1>\n<ul>\n<li>Handle Your USB Devices Easily<\/li>\n<li>OTG (On The Go) Compatibility<\/li>\n<li>Universal Compatibility<\/li>\n<li>Adds 3.0 USB-A Port To Your Devices<\/li>\n<\/ul>\n","protected":false},"excerpt":{"rendered":"<ul>\n<li><span style=\"color: #0000ff;\"><strong>Type de connecteur de l&#8217;adaptateur<\/strong><\/span> : USB Type-C m\u00e2le (pour la connexion \u00e0 l&#8217;appareil h\u00f4te, comme un smartphone, une tablette ou un ordinateur portable)<br \/>\n<hr \/>\n<ul>\n<li><span style=\"color: #0000ff;\"><strong>Type de port USB<\/strong> <\/span>: USB-A femelle (pour connecter des p\u00e9riph\u00e9riques USB-A, tels que des claviers, des souris, des lecteurs flash USB, etc.)<br \/>\n<hr \/>\n<\/li>\n<li><span style=\"color: #0000ff;\"><strong>Compatibilit\u00e9<\/strong><\/span> : Compatible avec les appareils prenant en charge les connexions USB Type-C et USB-A, y compris les smartphones, les tablettes et les ordinateurs portables.<br \/>\n<hr \/>\n<ul>\n<li><span style=\"color: #0000ff;\"><strong>Vitesse de transfert<\/strong> <\/span>: USB 3.0 SuperSpeed, offrant des taux de transfert de donn\u00e9es allant jusqu&#8217;\u00e0 5 Gbit\/s pour des transferts rapides de fichiers.<br \/>\n<hr \/>\n<\/li>\n<li><span style=\"color: #0000ff;\"><strong>Longueur du c\u00e2ble USB 3.0 inclus<\/strong><\/span> : 4,7 pouces (12 cm), offrant une certaine flexibilit\u00e9 pour connecter des p\u00e9riph\u00e9riques USB-A \u00e0 un appareil USB Type-C.<br \/>\n<hr \/>\n<p>Ces caract\u00e9ristiques devraient vous donner un aper\u00e7u complet de l&#8217;adaptateur TP-Link SuperSpeed <span style=\"color: #008000;\">3.0 USB-C<\/span> vers USB-A avec un c\u00e2ble USB 3.0 de 4,7 pouces (12 cm), compatible avec les<span style=\"color: #0000ff;\"> smartphones<\/span>, les <span style=\"color: #0000ff;\">tablettes<\/span> et les <span style=\"color: #0000ff;\">ordinateurs portables<\/span>.<\/li>\n<\/ul>\n<\/li>\n<\/ul>\n<\/li>\n<\/ul>\n","protected":false},"featured_media":8271,"comment_status":"open","ping_status":"closed","template":"","meta":{"_acf_changed":false,"_monsterinsights_skip_tracking":false,"_monsterinsights_sitenote_active":false,"_monsterinsights_sitenote_note":"","_monsterinsights_sitenote_category":0},"product_brand":[],"product_cat":[15],"product_tag":[],"class_list":{"0":"post-8270","1":"product","2":"type-product","3":"status-publish","4":"has-post-thumbnail","6":"product_cat-non-classe","8":"first","9":"instock","10":"shipping-taxable","11":"purchasable","12":"product-type-simple"},"acf":[],"_links":{"self":[{"href":"https:\/\/www.myinformatique.ma\/bienvenue\/wp-json\/wp\/v2\/product\/8270","targetHints":{"allow":["GET"]}}],"collection":[{"href":"https:\/\/www.myinformatique.ma\/bienvenue\/wp-json\/wp\/v2\/product"}],"about":[{"href":"https:\/\/www.myinformatique.ma\/bienvenue\/wp-json\/wp\/v2\/types\/product"}],"replies":[{"embeddable":true,"href":"https:\/\/www.myinformatique.ma\/bienvenue\/wp-json\/wp\/v2\/comments?post=8270"}],"wp:featuredmedia":[{"embeddable":true,"href":"https:\/\/www.myinformatique.ma\/bienvenue\/wp-json\/wp\/v2\/media\/8271"}],"wp:attachment":[{"href":"https:\/\/www.myinformatique.ma\/bienvenue\/wp-json\/wp\/v2\/media?parent=8270"}],"wp:term":[{"taxonomy":"product_brand","embeddable":true,"href":"https:\/\/www.myinformatique.ma\/bienvenue\/wp-json\/wp\/v2\/product_brand?post=8270"},{"taxonomy":"product_cat","embeddable":true,"href":"https:\/\/www.myinformatique.ma\/bienvenue\/wp-json\/wp\/v2\/product_cat?post=8270"},{"taxonomy":"product_tag","embeddable":true,"href":"https:\/\/www.myinformatique.ma\/bienvenue\/wp-json\/wp\/v2\/product_tag?post=8270"}],"curies":[{"name":"wp","href":"https:\/\/api.w.org\/{rel}","templated":true}]}}