{"id":8262,"date":"2024-04-24T12:39:07","date_gmt":"2024-04-24T12:39:07","guid":{"rendered":"https:\/\/www.myinformatique.ma\/bienvenue\/?post_type=product&#038;p=8262"},"modified":"2024-04-24T12:39:07","modified_gmt":"2024-04-24T12:39:07","slug":"type-c-to-hdmi-5-in-1","status":"publish","type":"product","link":"https:\/\/www.myinformatique.ma\/bienvenue\/product\/type-c-to-hdmi-5-in-1\/","title":{"rendered":"Type-C to HDMI 5 in 1"},"content":{"rendered":"","protected":false},"excerpt":{"rendered":"<ul>\n<li><strong>Type de connecteur de l&#8217;adaptateur<\/strong> : USB Type-C m\u00e2le (pour la connexion \u00e0 l&#8217;appareil h\u00f4te, comme un ordinateur portable ou un smartphone)<br \/>\n<hr \/>\n<\/li>\n<li><strong>Ports inclus<\/strong> :\n<ul>\n<li>1 port HDMI femelle (pour connecter un c\u00e2ble HDMI \u00e0 un \u00e9cran externe, comme un t\u00e9l\u00e9viseur ou un moniteur)<br \/>\n<hr \/>\n<\/li>\n<li>1 lecteur de carte SD (pour ins\u00e9rer une carte SD et transf\u00e9rer des fichiers entre la carte SD et l&#8217;appareil h\u00f4te)<br \/>\n<hr \/>\n<\/li>\n<li>2 ports USB 2.0 femelles (pour connecter des p\u00e9riph\u00e9riques USB tels que des claviers, des souris, des lecteurs flash USB, etc.)<br \/>\n<hr \/>\n<\/li>\n<\/ul>\n<\/li>\n<li><strong>Compatibilit\u00e9<\/strong> : Compatible avec les appareils prenant en charge la connectivit\u00e9 USB Type-C et les syst\u00e8mes d&#8217;exploitation compatibles avec les p\u00e9riph\u00e9riques HDMI, les lecteurs de carte SD et les p\u00e9riph\u00e9riques USB.<\/li>\n<\/ul>\n","protected":false},"featured_media":8258,"comment_status":"open","ping_status":"closed","template":"","meta":{"_acf_changed":false,"_monsterinsights_skip_tracking":false,"_monsterinsights_sitenote_active":false,"_monsterinsights_sitenote_note":"","_monsterinsights_sitenote_category":0},"product_brand":[],"product_cat":[15],"product_tag":[],"class_list":{"0":"post-8262","1":"product","2":"type-product","3":"status-publish","4":"has-post-thumbnail","6":"product_cat-non-classe","8":"first","9":"instock","10":"shipping-taxable","11":"purchasable","12":"product-type-simple"},"acf":[],"_links":{"self":[{"href":"https:\/\/www.myinformatique.ma\/bienvenue\/wp-json\/wp\/v2\/product\/8262","targetHints":{"allow":["GET"]}}],"collection":[{"href":"https:\/\/www.myinformatique.ma\/bienvenue\/wp-json\/wp\/v2\/product"}],"about":[{"href":"https:\/\/www.myinformatique.ma\/bienvenue\/wp-json\/wp\/v2\/types\/product"}],"replies":[{"embeddable":true,"href":"https:\/\/www.myinformatique.ma\/bienvenue\/wp-json\/wp\/v2\/comments?post=8262"}],"wp:featuredmedia":[{"embeddable":true,"href":"https:\/\/www.myinformatique.ma\/bienvenue\/wp-json\/wp\/v2\/media\/8258"}],"wp:attachment":[{"href":"https:\/\/www.myinformatique.ma\/bienvenue\/wp-json\/wp\/v2\/media?parent=8262"}],"wp:term":[{"taxonomy":"product_brand","embeddable":true,"href":"https:\/\/www.myinformatique.ma\/bienvenue\/wp-json\/wp\/v2\/product_brand?post=8262"},{"taxonomy":"product_cat","embeddable":true,"href":"https:\/\/www.myinformatique.ma\/bienvenue\/wp-json\/wp\/v2\/product_cat?post=8262"},{"taxonomy":"product_tag","embeddable":true,"href":"https:\/\/www.myinformatique.ma\/bienvenue\/wp-json\/wp\/v2\/product_tag?post=8262"}],"curies":[{"name":"wp","href":"https:\/\/api.w.org\/{rel}","templated":true}]}}