{"id":8228,"date":"2024-04-23T18:13:12","date_gmt":"2024-04-23T18:13:12","guid":{"rendered":"https:\/\/www.myinformatique.ma\/bienvenue\/?post_type=product&#038;p=8228"},"modified":"2024-10-11T10:16:05","modified_gmt":"2024-10-11T10:16:05","slug":"anti-virus-kaspersky-3-appareil","status":"publish","type":"product","link":"https:\/\/www.myinformatique.ma\/bienvenue\/product\/anti-virus-kaspersky-3-appareil\/","title":{"rendered":"Anti-Virus Kaspersky 3 appareil"},"content":{"rendered":"","protected":false},"excerpt":{"rendered":"<ul>\n<li><strong>Protection multi-appareils<\/strong> &#8211; Permet de prot\u00e9ger jusqu&#8217;\u00e0 trois appareils simultan\u00e9ment.<br \/>\n<hr \/>\n<\/li>\n<li><strong>Analyse approfondie des virus et des logiciels malveillants<\/strong> &#8211; Scanner complet pour d\u00e9tecter et \u00e9liminer les virus et les logiciels malveillants.<br \/>\n<hr \/>\n<\/li>\n<li><strong>Protection en temps r\u00e9el<\/strong> &#8211; Surveille en continu les activit\u00e9s pour d\u00e9tecter et bloquer les menaces d\u00e8s qu&#8217;elles apparaissent.<br \/>\n<hr \/>\n<\/li>\n<li><strong>Protection contre les ransomwares<\/strong> &#8211; Prot\u00e8ge contre les attaques de ransomware en emp\u00eachant le chiffrement non autoris\u00e9 des fichiers.<br \/>\n<hr \/>\n<\/li>\n<li><strong>Protection de la vie priv\u00e9e en ligne<\/strong> &#8211; Prot\u00e8ge votre vie priv\u00e9e en ligne en bloquant les tentatives de suivi et en s\u00e9curisant les transactions en ligne.<br \/>\n<hr \/>\n<\/li>\n<li><strong>Mises \u00e0 jour automatiques de la base de donn\u00e9es de virus<\/strong> &#8211; Assure une protection constante avec des mises \u00e0 jour automatiques de la base de donn\u00e9es de virus.<\/li>\n<\/ul>\n","protected":false},"featured_media":8232,"comment_status":"open","ping_status":"closed","template":"","meta":{"_acf_changed":false,"_monsterinsights_skip_tracking":false,"_monsterinsights_sitenote_active":false,"_monsterinsights_sitenote_note":"","_monsterinsights_sitenote_category":0},"product_brand":[],"product_cat":[15],"product_tag":[],"class_list":{"0":"post-8228","1":"product","2":"type-product","3":"status-publish","4":"has-post-thumbnail","6":"product_cat-non-classe","8":"first","9":"instock","10":"shipping-taxable","11":"purchasable","12":"product-type-simple"},"acf":[],"_links":{"self":[{"href":"https:\/\/www.myinformatique.ma\/bienvenue\/wp-json\/wp\/v2\/product\/8228","targetHints":{"allow":["GET"]}}],"collection":[{"href":"https:\/\/www.myinformatique.ma\/bienvenue\/wp-json\/wp\/v2\/product"}],"about":[{"href":"https:\/\/www.myinformatique.ma\/bienvenue\/wp-json\/wp\/v2\/types\/product"}],"replies":[{"embeddable":true,"href":"https:\/\/www.myinformatique.ma\/bienvenue\/wp-json\/wp\/v2\/comments?post=8228"}],"wp:featuredmedia":[{"embeddable":true,"href":"https:\/\/www.myinformatique.ma\/bienvenue\/wp-json\/wp\/v2\/media\/8232"}],"wp:attachment":[{"href":"https:\/\/www.myinformatique.ma\/bienvenue\/wp-json\/wp\/v2\/media?parent=8228"}],"wp:term":[{"taxonomy":"product_brand","embeddable":true,"href":"https:\/\/www.myinformatique.ma\/bienvenue\/wp-json\/wp\/v2\/product_brand?post=8228"},{"taxonomy":"product_cat","embeddable":true,"href":"https:\/\/www.myinformatique.ma\/bienvenue\/wp-json\/wp\/v2\/product_cat?post=8228"},{"taxonomy":"product_tag","embeddable":true,"href":"https:\/\/www.myinformatique.ma\/bienvenue\/wp-json\/wp\/v2\/product_tag?post=8228"}],"curies":[{"name":"wp","href":"https:\/\/api.w.org\/{rel}","templated":true}]}}