{"id":8168,"date":"2024-04-22T17:21:55","date_gmt":"2024-04-22T17:21:55","guid":{"rendered":"https:\/\/www.myinformatique.ma\/bienvenue\/?post_type=product&#038;p=8168"},"modified":"2024-10-11T10:19:04","modified_gmt":"2024-10-11T10:19:04","slug":"office-home-business-1pc-mac","status":"publish","type":"product","link":"https:\/\/www.myinformatique.ma\/bienvenue\/product\/office-home-business-1pc-mac\/","title":{"rendered":"Office Home &#038; Business 1pc\/Mac"},"content":{"rendered":"","protected":false},"excerpt":{"rendered":"<ul>\n<li>Suite bureautique Microsoft Office Home &amp; Business 2021<br \/>\n<hr \/>\n<\/li>\n<li>Licence pour un seul PC ou Mac<br \/>\n<hr \/>\n<\/li>\n<li>Inclut des applications telles que Word, Excel, PowerPoint, Outlook et OneNote<br \/>\n<hr \/>\n<\/li>\n<li>Con\u00e7u pour une utilisation \u00e0 domicile ou dans une petite entreprise<br \/>\n<hr \/>\n<\/li>\n<li>Id\u00e9al pour la cr\u00e9ation de documents, la gestion des e-mails, la cr\u00e9ation de pr\u00e9sentations, etc.<br \/>\n<hr \/>\n<\/li>\n<li>Offre des fonctionnalit\u00e9s de collaboration et de productivit\u00e9 pour faciliter le travail en \u00e9quipe<br \/>\n<hr \/>\n<\/li>\n<li>Mises \u00e0 jour r\u00e9guli\u00e8res pour garantir la s\u00e9curit\u00e9 et la stabilit\u00e9 du logiciel<br \/>\n<hr \/>\n<\/li>\n<li>Compatible avec les syst\u00e8mes d&#8217;exploitation Windows et macOS<\/li>\n<\/ul>\n","protected":false},"featured_media":8169,"comment_status":"open","ping_status":"closed","template":"","meta":{"_acf_changed":false,"_monsterinsights_skip_tracking":false,"_monsterinsights_sitenote_active":false,"_monsterinsights_sitenote_note":"","_monsterinsights_sitenote_category":0},"product_brand":[],"product_cat":[15],"product_tag":[],"class_list":{"0":"post-8168","1":"product","2":"type-product","3":"status-publish","4":"has-post-thumbnail","6":"product_cat-non-classe","8":"first","9":"instock","10":"shipping-taxable","11":"purchasable","12":"product-type-simple"},"acf":[],"_links":{"self":[{"href":"https:\/\/www.myinformatique.ma\/bienvenue\/wp-json\/wp\/v2\/product\/8168","targetHints":{"allow":["GET"]}}],"collection":[{"href":"https:\/\/www.myinformatique.ma\/bienvenue\/wp-json\/wp\/v2\/product"}],"about":[{"href":"https:\/\/www.myinformatique.ma\/bienvenue\/wp-json\/wp\/v2\/types\/product"}],"replies":[{"embeddable":true,"href":"https:\/\/www.myinformatique.ma\/bienvenue\/wp-json\/wp\/v2\/comments?post=8168"}],"wp:featuredmedia":[{"embeddable":true,"href":"https:\/\/www.myinformatique.ma\/bienvenue\/wp-json\/wp\/v2\/media\/8169"}],"wp:attachment":[{"href":"https:\/\/www.myinformatique.ma\/bienvenue\/wp-json\/wp\/v2\/media?parent=8168"}],"wp:term":[{"taxonomy":"product_brand","embeddable":true,"href":"https:\/\/www.myinformatique.ma\/bienvenue\/wp-json\/wp\/v2\/product_brand?post=8168"},{"taxonomy":"product_cat","embeddable":true,"href":"https:\/\/www.myinformatique.ma\/bienvenue\/wp-json\/wp\/v2\/product_cat?post=8168"},{"taxonomy":"product_tag","embeddable":true,"href":"https:\/\/www.myinformatique.ma\/bienvenue\/wp-json\/wp\/v2\/product_tag?post=8168"}],"curies":[{"name":"wp","href":"https:\/\/api.w.org\/{rel}","templated":true}]}}