{"id":8147,"date":"2024-04-22T12:28:00","date_gmt":"2024-04-22T12:28:00","guid":{"rendered":"https:\/\/www.myinformatique.ma\/bienvenue\/?post_type=product&#038;p=8147"},"modified":"2024-04-22T15:44:06","modified_gmt":"2024-04-22T15:44:06","slug":"carte-graphique-geforce-gtx-1650","status":"publish","type":"product","link":"https:\/\/www.myinformatique.ma\/bienvenue\/product\/carte-graphique-geforce-gtx-1650\/","title":{"rendered":"carte graphique GEFORCE GTX 1650"},"content":{"rendered":"","protected":false},"excerpt":{"rendered":"<ul>\n<li>Architecture GPU : Turing<br \/>\n<hr \/>\n<\/li>\n<li>M\u00e9moire vid\u00e9o : GDDR5<br \/>\n<hr \/>\n<\/li>\n<li>Capacit\u00e9 de m\u00e9moire : 4 Go<br \/>\n<hr \/>\n<\/li>\n<li>Interfaces d&#8217;affichage : HDMI, DisplayPort, DVI<br \/>\n<hr \/>\n<\/li>\n<li>Performance : Jeux en 1080p \u00e0 des param\u00e8tres moyens \u00e0 \u00e9lev\u00e9s, t\u00e2ches graphiques de base<br \/>\n<hr \/>\n<\/li>\n<li>Refroidissement : G\u00e9n\u00e9ralement \u00e9quip\u00e9e d&#8217;un refroidissement passif ou d&#8217;un petit ventilateur<br \/>\n<hr \/>\n<\/li>\n<li>Consommation d&#8217;\u00e9nergie : Faible, compatible avec une vari\u00e9t\u00e9 de syst\u00e8mes<br \/>\n<hr \/>\n<\/li>\n<li>Compatibilit\u00e9 : Compatible avec une gamme \u00e9tendue de syst\u00e8mes, y compris les PC de bureau et certains ordinateurs portables<\/li>\n<\/ul>\n","protected":false},"featured_media":8148,"comment_status":"open","ping_status":"closed","template":"","meta":{"_acf_changed":false,"_monsterinsights_skip_tracking":false,"_monsterinsights_sitenote_active":false,"_monsterinsights_sitenote_note":"","_monsterinsights_sitenote_category":0},"product_brand":[],"product_cat":[15],"product_tag":[],"class_list":{"0":"post-8147","1":"product","2":"type-product","3":"status-publish","4":"has-post-thumbnail","6":"product_cat-non-classe","8":"first","9":"instock","10":"shipping-taxable","11":"purchasable","12":"product-type-simple"},"acf":[],"_links":{"self":[{"href":"https:\/\/www.myinformatique.ma\/bienvenue\/wp-json\/wp\/v2\/product\/8147","targetHints":{"allow":["GET"]}}],"collection":[{"href":"https:\/\/www.myinformatique.ma\/bienvenue\/wp-json\/wp\/v2\/product"}],"about":[{"href":"https:\/\/www.myinformatique.ma\/bienvenue\/wp-json\/wp\/v2\/types\/product"}],"replies":[{"embeddable":true,"href":"https:\/\/www.myinformatique.ma\/bienvenue\/wp-json\/wp\/v2\/comments?post=8147"}],"wp:featuredmedia":[{"embeddable":true,"href":"https:\/\/www.myinformatique.ma\/bienvenue\/wp-json\/wp\/v2\/media\/8148"}],"wp:attachment":[{"href":"https:\/\/www.myinformatique.ma\/bienvenue\/wp-json\/wp\/v2\/media?parent=8147"}],"wp:term":[{"taxonomy":"product_brand","embeddable":true,"href":"https:\/\/www.myinformatique.ma\/bienvenue\/wp-json\/wp\/v2\/product_brand?post=8147"},{"taxonomy":"product_cat","embeddable":true,"href":"https:\/\/www.myinformatique.ma\/bienvenue\/wp-json\/wp\/v2\/product_cat?post=8147"},{"taxonomy":"product_tag","embeddable":true,"href":"https:\/\/www.myinformatique.ma\/bienvenue\/wp-json\/wp\/v2\/product_tag?post=8147"}],"curies":[{"name":"wp","href":"https:\/\/api.w.org\/{rel}","templated":true}]}}