{"id":8079,"date":"2024-04-19T15:35:31","date_gmt":"2024-04-19T15:35:31","guid":{"rendered":"https:\/\/www.myinformatique.ma\/bienvenue\/?post_type=product&#038;p=8079"},"modified":"2025-10-22T11:26:03","modified_gmt":"2025-10-22T11:26:03","slug":"apple-imac-24","status":"publish","type":"product","link":"https:\/\/www.myinformatique.ma\/bienvenue\/product\/apple-imac-24\/","title":{"rendered":"APPLE IMAC 24"},"content":{"rendered":"","protected":false},"excerpt":{"rendered":"<p>Processeur : Puce Apple M4 avec Neural Engine 8 c\u0153urs<\/p>\n<hr \/>\n<p>M\u00e9moire : 16 Go de m\u00e9moire unifi\u00e9e<\/p>\n<hr \/>\n<p>Stockage : SSD 256 Go ultra rapide<\/p>\n<hr \/>\n<p>\u00c9cran : Retina 4,5K \u2013 24 pouces, couleurs \u00e9clatantes et haute pr\u00e9cision<\/p>\n<hr \/>\n<p>Cam\u00e9ra : 12 MP avec technologie Center Stage<\/p>\n<hr \/>\n<p>Audio : Syst\u00e8me \u00e0 six haut-parleurs avec Dolby Atmos<\/p>\n<hr \/>\n<p>Con\u00e7u pour : Apple Intelligence, productivit\u00e9 et cr\u00e9ativit\u00e9 ultime<\/p>\n<hr \/>\n<p>Design : Ultra fin, \u00e9l\u00e9gant et silencieux<\/p>\n","protected":false},"featured_media":9319,"comment_status":"open","ping_status":"closed","template":"","meta":{"_acf_changed":false,"_monsterinsights_skip_tracking":false,"_monsterinsights_sitenote_active":false,"_monsterinsights_sitenote_note":"","_monsterinsights_sitenote_category":0},"product_brand":[],"product_cat":[15],"product_tag":[],"class_list":{"0":"post-8079","1":"product","2":"type-product","3":"status-publish","4":"has-post-thumbnail","6":"product_cat-non-classe","8":"first","9":"instock","10":"shipping-taxable","11":"purchasable","12":"product-type-simple"},"acf":[],"_links":{"self":[{"href":"https:\/\/www.myinformatique.ma\/bienvenue\/wp-json\/wp\/v2\/product\/8079","targetHints":{"allow":["GET"]}}],"collection":[{"href":"https:\/\/www.myinformatique.ma\/bienvenue\/wp-json\/wp\/v2\/product"}],"about":[{"href":"https:\/\/www.myinformatique.ma\/bienvenue\/wp-json\/wp\/v2\/types\/product"}],"replies":[{"embeddable":true,"href":"https:\/\/www.myinformatique.ma\/bienvenue\/wp-json\/wp\/v2\/comments?post=8079"}],"wp:featuredmedia":[{"embeddable":true,"href":"https:\/\/www.myinformatique.ma\/bienvenue\/wp-json\/wp\/v2\/media\/9319"}],"wp:attachment":[{"href":"https:\/\/www.myinformatique.ma\/bienvenue\/wp-json\/wp\/v2\/media?parent=8079"}],"wp:term":[{"taxonomy":"product_brand","embeddable":true,"href":"https:\/\/www.myinformatique.ma\/bienvenue\/wp-json\/wp\/v2\/product_brand?post=8079"},{"taxonomy":"product_cat","embeddable":true,"href":"https:\/\/www.myinformatique.ma\/bienvenue\/wp-json\/wp\/v2\/product_cat?post=8079"},{"taxonomy":"product_tag","embeddable":true,"href":"https:\/\/www.myinformatique.ma\/bienvenue\/wp-json\/wp\/v2\/product_tag?post=8079"}],"curies":[{"name":"wp","href":"https:\/\/api.w.org\/{rel}","templated":true}]}}