{"id":8059,"date":"2024-04-19T11:11:27","date_gmt":"2024-04-19T11:11:27","guid":{"rendered":"https:\/\/www.myinformatique.ma\/bienvenue\/?post_type=product&#038;p=8059"},"modified":"2026-01-12T10:07:34","modified_gmt":"2026-01-12T10:07:34","slug":"hp-color-laserjet-pro-4302fdw","status":"publish","type":"product","link":"https:\/\/www.myinformatique.ma\/bienvenue\/product\/hp-color-laserjet-pro-4302fdw\/","title":{"rendered":"HP COLOR  LASERJET PRO 4302FDW"},"content":{"rendered":"","protected":false},"excerpt":{"rendered":"<p>Impression, copie, num\u00e9risation et fax recto-verso automatiques<\/p>\n<hr \/>\n<p>Vitesse d\u2019impression jusqu\u2019\u00e0 33 pages par minute (ppm)<\/p>\n<hr \/>\n<p>Impression couleur et monochrome haute qualit\u00e9<\/p>\n<hr \/>\n<p>Connectivit\u00e9 compl\u00e8te : USB, Ethernet Gigabit, Wi-Fi bi-bande et Wi-Fi Direct<\/p>\n<hr \/>\n<p>Cycle d\u2019utilisation mensuel jusqu\u2019\u00e0 50 000 pages<\/p>\n<hr \/>\n<p>\u00c9cran tactile couleur de 4,3 pouces pour une utilisation simple et intuitive<\/p>\n<hr \/>\n<p>S\u00e9curit\u00e9 avanc\u00e9e HP Wolf Pro pour prot\u00e9ger les donn\u00e9es et les impressions professionnelles<\/p>\n","protected":false},"featured_media":9261,"comment_status":"open","ping_status":"closed","template":"","meta":{"_acf_changed":false,"_monsterinsights_skip_tracking":false,"_monsterinsights_sitenote_active":false,"_monsterinsights_sitenote_note":"","_monsterinsights_sitenote_category":0},"product_brand":[],"product_cat":[251],"product_tag":[],"class_list":{"0":"post-8059","1":"product","2":"type-product","3":"status-publish","4":"has-post-thumbnail","6":"product_cat-impriments","8":"first","9":"instock","10":"shipping-taxable","11":"purchasable","12":"product-type-simple"},"acf":[],"_links":{"self":[{"href":"https:\/\/www.myinformatique.ma\/bienvenue\/wp-json\/wp\/v2\/product\/8059","targetHints":{"allow":["GET"]}}],"collection":[{"href":"https:\/\/www.myinformatique.ma\/bienvenue\/wp-json\/wp\/v2\/product"}],"about":[{"href":"https:\/\/www.myinformatique.ma\/bienvenue\/wp-json\/wp\/v2\/types\/product"}],"replies":[{"embeddable":true,"href":"https:\/\/www.myinformatique.ma\/bienvenue\/wp-json\/wp\/v2\/comments?post=8059"}],"wp:featuredmedia":[{"embeddable":true,"href":"https:\/\/www.myinformatique.ma\/bienvenue\/wp-json\/wp\/v2\/media\/9261"}],"wp:attachment":[{"href":"https:\/\/www.myinformatique.ma\/bienvenue\/wp-json\/wp\/v2\/media?parent=8059"}],"wp:term":[{"taxonomy":"product_brand","embeddable":true,"href":"https:\/\/www.myinformatique.ma\/bienvenue\/wp-json\/wp\/v2\/product_brand?post=8059"},{"taxonomy":"product_cat","embeddable":true,"href":"https:\/\/www.myinformatique.ma\/bienvenue\/wp-json\/wp\/v2\/product_cat?post=8059"},{"taxonomy":"product_tag","embeddable":true,"href":"https:\/\/www.myinformatique.ma\/bienvenue\/wp-json\/wp\/v2\/product_tag?post=8059"}],"curies":[{"name":"wp","href":"https:\/\/api.w.org\/{rel}","templated":true}]}}