{"id":8036,"date":"2024-04-18T17:03:14","date_gmt":"2024-04-18T17:03:14","guid":{"rendered":"https:\/\/www.myinformatique.ma\/bienvenue\/?post_type=product&#038;p=8036"},"modified":"2026-01-12T14:27:02","modified_gmt":"2026-01-12T14:27:02","slug":"hp-laserjet-m110w","status":"publish","type":"product","link":"https:\/\/www.myinformatique.ma\/bienvenue\/product\/hp-laserjet-m110w\/","title":{"rendered":"HP LASERJET M110W"},"content":{"rendered":"","protected":false},"excerpt":{"rendered":"<p>Impression laser simple et fiable<\/p>\n<hr \/>\n<p>Vitesse d\u2019impression jusqu\u2019\u00e0 20 pages par minute<\/p>\n<hr \/>\n<p>Impression blanc et noir<\/p>\n<hr \/>\n<p>Connectivit\u00e9 sans fil : Wi-Fi et USB + impression mobile (AirPrint &amp; Mopria)<\/p>\n<hr \/>\n<p>Cycle d\u2019utilisation mensuel jusqu\u2019\u00e0 8 000 pages<\/p>\n<hr \/>\n<p>Format ultra-compact et tr\u00e8s l\u00e9ger, id\u00e9al pour la maison ou un petit bureau<\/p>\n<hr \/>\n<p>Installation facile avec l\u2019application HP Smart<\/p>\n<hr \/>\n<p>Qualit\u00e9 d\u2019impression nette jusqu\u2019\u00e0 600 \u00d7 600 dpi (HP FastRes 600)<\/p>\n","protected":false},"featured_media":9284,"comment_status":"open","ping_status":"closed","template":"","meta":{"_acf_changed":false,"_monsterinsights_skip_tracking":false,"_monsterinsights_sitenote_active":false,"_monsterinsights_sitenote_note":"","_monsterinsights_sitenote_category":0},"product_brand":[],"product_cat":[251],"product_tag":[],"class_list":{"0":"post-8036","1":"product","2":"type-product","3":"status-publish","4":"has-post-thumbnail","6":"product_cat-impriments","8":"first","9":"instock","10":"featured","11":"shipping-taxable","12":"purchasable","13":"product-type-simple"},"acf":[],"_links":{"self":[{"href":"https:\/\/www.myinformatique.ma\/bienvenue\/wp-json\/wp\/v2\/product\/8036","targetHints":{"allow":["GET"]}}],"collection":[{"href":"https:\/\/www.myinformatique.ma\/bienvenue\/wp-json\/wp\/v2\/product"}],"about":[{"href":"https:\/\/www.myinformatique.ma\/bienvenue\/wp-json\/wp\/v2\/types\/product"}],"replies":[{"embeddable":true,"href":"https:\/\/www.myinformatique.ma\/bienvenue\/wp-json\/wp\/v2\/comments?post=8036"}],"wp:featuredmedia":[{"embeddable":true,"href":"https:\/\/www.myinformatique.ma\/bienvenue\/wp-json\/wp\/v2\/media\/9284"}],"wp:attachment":[{"href":"https:\/\/www.myinformatique.ma\/bienvenue\/wp-json\/wp\/v2\/media?parent=8036"}],"wp:term":[{"taxonomy":"product_brand","embeddable":true,"href":"https:\/\/www.myinformatique.ma\/bienvenue\/wp-json\/wp\/v2\/product_brand?post=8036"},{"taxonomy":"product_cat","embeddable":true,"href":"https:\/\/www.myinformatique.ma\/bienvenue\/wp-json\/wp\/v2\/product_cat?post=8036"},{"taxonomy":"product_tag","embeddable":true,"href":"https:\/\/www.myinformatique.ma\/bienvenue\/wp-json\/wp\/v2\/product_tag?post=8036"}],"curies":[{"name":"wp","href":"https:\/\/api.w.org\/{rel}","templated":true}]}}