{"id":8022,"date":"2024-04-18T16:12:42","date_gmt":"2024-04-18T16:12:42","guid":{"rendered":"https:\/\/www.myinformatique.ma\/bienvenue\/?post_type=product&#038;p=8022"},"modified":"2024-10-03T16:33:47","modified_gmt":"2024-10-03T16:33:47","slug":"pc-asus-tuf-gaming-ryzen-7","status":"publish","type":"product","link":"https:\/\/www.myinformatique.ma\/bienvenue\/product\/pc-asus-tuf-gaming-ryzen-7\/","title":{"rendered":"PC ASUS TUF GAMING RYZEN 7"},"content":{"rendered":"<p>&#8212;Achat par wafasalaf credit gatuit 749 X 12 MOIS !!&#8212;&#8212;<\/p>\n","protected":false},"excerpt":{"rendered":"<ul>\n<li><strong>Processeur (CPU) :<\/strong> AMD Ryzen 7 5700G &#8211; 8 c\u0153urs et 16 threads, avec une fr\u00e9quence de base de 3.8 GHz et une fr\u00e9quence de boost de 4.6 GHz.<br \/>\n<hr \/>\n<\/li>\n<li><strong>M\u00e9moire vive (RAM) :<\/strong> 16 Go DDR4-3200 MHz CORSAIR RGB.<br \/>\n<hr \/>\n<\/li>\n<li><strong>Stockage SSD :<\/strong> 256 Go PCIe NVMe SSD KIOXIA.<br \/>\n<hr \/>\n<\/li>\n<li><strong>Carte graphique (GPU) :<\/strong> AMD Radeon (mod\u00e8le sp\u00e9cifique non pr\u00e9cis\u00e9).<br \/>\n<hr \/>\n<\/li>\n<li><strong>Carte m\u00e8re :<\/strong> ASUS PRIME B450-PLUS.<br \/>\n<hr \/>\n<\/li>\n<li><strong>Connectivit\u00e9 et ports :<\/strong>\n<ul>\n<li>1x casque + micro.<\/li>\n<li>2x USB 3.1 Gen1.<\/li>\n<li>Bouton de contr\u00f4le \u00e0 DEL.<\/li>\n<li>Bouton de r\u00e9initialisation.<\/li>\n<\/ul>\n<\/li>\n<li><strong>Accessoires :<\/strong> Clavier et souris.<br \/>\n<hr \/>\n<\/li>\n<li><strong>Syst\u00e8me d&#8217;exploitation (OS) :<\/strong> Licence Windows 11.<\/li>\n<\/ul>\n","protected":false},"featured_media":8939,"comment_status":"open","ping_status":"closed","template":"","meta":{"_acf_changed":false,"_monsterinsights_skip_tracking":false,"_monsterinsights_sitenote_active":false,"_monsterinsights_sitenote_note":"","_monsterinsights_sitenote_category":0},"product_brand":[],"product_cat":[232],"product_tag":[],"class_list":{"0":"post-8022","1":"product","2":"type-product","3":"status-publish","4":"has-post-thumbnail","6":"product_cat-tour-gaming","8":"first","9":"instock","10":"shipping-taxable","11":"purchasable","12":"product-type-simple"},"acf":[],"_links":{"self":[{"href":"https:\/\/www.myinformatique.ma\/bienvenue\/wp-json\/wp\/v2\/product\/8022","targetHints":{"allow":["GET"]}}],"collection":[{"href":"https:\/\/www.myinformatique.ma\/bienvenue\/wp-json\/wp\/v2\/product"}],"about":[{"href":"https:\/\/www.myinformatique.ma\/bienvenue\/wp-json\/wp\/v2\/types\/product"}],"replies":[{"embeddable":true,"href":"https:\/\/www.myinformatique.ma\/bienvenue\/wp-json\/wp\/v2\/comments?post=8022"}],"wp:featuredmedia":[{"embeddable":true,"href":"https:\/\/www.myinformatique.ma\/bienvenue\/wp-json\/wp\/v2\/media\/8939"}],"wp:attachment":[{"href":"https:\/\/www.myinformatique.ma\/bienvenue\/wp-json\/wp\/v2\/media?parent=8022"}],"wp:term":[{"taxonomy":"product_brand","embeddable":true,"href":"https:\/\/www.myinformatique.ma\/bienvenue\/wp-json\/wp\/v2\/product_brand?post=8022"},{"taxonomy":"product_cat","embeddable":true,"href":"https:\/\/www.myinformatique.ma\/bienvenue\/wp-json\/wp\/v2\/product_cat?post=8022"},{"taxonomy":"product_tag","embeddable":true,"href":"https:\/\/www.myinformatique.ma\/bienvenue\/wp-json\/wp\/v2\/product_tag?post=8022"}],"curies":[{"name":"wp","href":"https:\/\/api.w.org\/{rel}","templated":true}]}}