{"id":7884,"date":"2024-04-16T12:44:03","date_gmt":"2024-04-16T12:44:03","guid":{"rendered":"https:\/\/www.myinformatique.ma\/bienvenue\/?post_type=product&#038;p=7884"},"modified":"2026-01-27T14:08:41","modified_gmt":"2026-01-27T14:08:41","slug":"hp-all-in-one-27","status":"publish","type":"product","link":"https:\/\/www.myinformatique.ma\/bienvenue\/product\/hp-all-in-one-27\/","title":{"rendered":"HP ALL-IN-ONE 27"},"content":{"rendered":"","protected":false},"excerpt":{"rendered":"<p>Processeur : <span class=\"a_GcMg font-feature-liga-off font-feature-clig-off font-feature-calt-off text-decoration-none text-strikethrough-none\">AMD Ryzen\u2122 5 <\/span><span class=\"a_GcMg font-feature-liga-off font-feature-clig-off font-feature-calt-off text-decoration-none text-strikethrough-none\">7520U<\/span><\/p>\n<hr \/>\n<p>RAM : 16 Go <span class=\"a_GcMg font-feature-liga-off font-feature-clig-off font-feature-calt-off text-decoration-none text-strikethrough-none\">LPDDR5<\/span><\/p>\n<hr \/>\n<p>Stockage : 512 Go SSD \u2013 Rapide et silencieux<\/p>\n<hr \/>\n<p>\u00c9cran : 27\u201d Full HD IPS \u2013 Grande dalle avec angles de vision larges<\/p>\n<hr \/>\n<p>Carte graphique : <span class=\"a_GcMg font-feature-liga-off font-feature-clig-off font-feature-calt-off text-decoration-none text-strikethrough-none\">AMD Radeon 610M<\/span><\/p>\n<hr \/>\n<p>Design tout-en-un : \u00c9l\u00e9gant, moderne, id\u00e9al pour un espace de travail \u00e9pur\u00e9<\/p>\n<hr \/>\n<p>Utilisation : Parfait pour la bureautique, le multim\u00e9dia et le multit\u00e2che<\/p>\n","protected":false},"featured_media":9317,"comment_status":"open","ping_status":"closed","template":"","meta":{"_acf_changed":false,"_monsterinsights_skip_tracking":false,"_monsterinsights_sitenote_active":false,"_monsterinsights_sitenote_note":"","_monsterinsights_sitenote_category":0},"product_brand":[],"product_cat":[263],"product_tag":[],"class_list":{"0":"post-7884","1":"product","2":"type-product","3":"status-publish","4":"has-post-thumbnail","6":"product_cat-all-in-one","8":"first","9":"instock","10":"shipping-taxable","11":"purchasable","12":"product-type-simple"},"acf":[],"_links":{"self":[{"href":"https:\/\/www.myinformatique.ma\/bienvenue\/wp-json\/wp\/v2\/product\/7884","targetHints":{"allow":["GET"]}}],"collection":[{"href":"https:\/\/www.myinformatique.ma\/bienvenue\/wp-json\/wp\/v2\/product"}],"about":[{"href":"https:\/\/www.myinformatique.ma\/bienvenue\/wp-json\/wp\/v2\/types\/product"}],"replies":[{"embeddable":true,"href":"https:\/\/www.myinformatique.ma\/bienvenue\/wp-json\/wp\/v2\/comments?post=7884"}],"wp:featuredmedia":[{"embeddable":true,"href":"https:\/\/www.myinformatique.ma\/bienvenue\/wp-json\/wp\/v2\/media\/9317"}],"wp:attachment":[{"href":"https:\/\/www.myinformatique.ma\/bienvenue\/wp-json\/wp\/v2\/media?parent=7884"}],"wp:term":[{"taxonomy":"product_brand","embeddable":true,"href":"https:\/\/www.myinformatique.ma\/bienvenue\/wp-json\/wp\/v2\/product_brand?post=7884"},{"taxonomy":"product_cat","embeddable":true,"href":"https:\/\/www.myinformatique.ma\/bienvenue\/wp-json\/wp\/v2\/product_cat?post=7884"},{"taxonomy":"product_tag","embeddable":true,"href":"https:\/\/www.myinformatique.ma\/bienvenue\/wp-json\/wp\/v2\/product_tag?post=7884"}],"curies":[{"name":"wp","href":"https:\/\/api.w.org\/{rel}","templated":true}]}}