{"id":7720,"date":"2023-07-26T10:54:23","date_gmt":"2023-07-26T10:54:23","guid":{"rendered":"https:\/\/www.myinformatique.ma\/bienvenue\/?post_type=product&#038;p=7720"},"modified":"2023-07-26T10:54:24","modified_gmt":"2023-07-26T10:54:24","slug":"xp500-portable-bluetooth-wireless-party-speaker","status":"publish","type":"product","link":"https:\/\/www.myinformatique.ma\/bienvenue\/product\/xp500-portable-bluetooth-wireless-party-speaker\/","title":{"rendered":"XP500 Portable Bluetooth\u00ae Wireless Party Speaker"},"content":{"rendered":"","protected":false},"excerpt":{"rendered":"<table style=\"height: 200px;\" width=\"500\">\n<tbody>\n<tr>\n<td width=\"410\">Son de f\u00eate puissant, riche et clair avec MEGA BASS\u2122<\/td>\n<\/tr>\n<tr>\n<td>Jusqu&#8217;\u00e0 20 heures d&#8217;autonomie1 avec charge rapide<\/td>\n<\/tr>\n<tr>\n<td>Ajoutez au plaisir avec jusqu&#8217;\u00e0 100 haut-parleurs via Party Connect3<\/td>\n<\/tr>\n<tr>\n<td>Connectez-vous et diffusez facilement de la musique avec Bluetooth\u00ae2<\/td>\n<\/tr>\n<tr>\n<td>Haut-parleur X-Balanced pour des basses puissantes<\/td>\n<\/tr>\n<tr>\n<td>Chargez votre appareil et \u00e9coutez vos morceaux via le port USB5<\/td>\n<\/tr>\n<tr>\n<td>Sony | Application Music Center3<\/td>\n<\/tr>\n<tr>\n<td>IPX4 R\u00e9sistant \u00e0 l&#8217;eau<\/td>\n<\/tr>\n<tr>\n<td>Nouveau concept d&#8217;\u00e9clairage \u00e0 \u00e9clairage indirect \u00e0 LED <\/td>\n<\/tr>\n<tr>\n<td>Lib\u00e9rez la pop star qui sommeille en vous avec 2 entr\u00e9es micro\/guitare \u00e0 l&#8217;arri\u00e8re<\/td>\n<\/tr>\n<tr>\n<td>Poign\u00e9e de transport int\u00e9gr\u00e9e pour une portabilit\u00e9 facile<\/td>\n<\/tr>\n<tr>\n<td>Placez l&#8217;enceinte \u00e0 la verticale ou sur le c\u00f4t\u00e9<\/td>\n<\/tr>\n<\/tbody>\n<\/table>\n","protected":false},"featured_media":6697,"comment_status":"open","ping_status":"closed","template":"","meta":{"_acf_changed":false,"_monsterinsights_skip_tracking":false,"_monsterinsights_sitenote_active":false,"_monsterinsights_sitenote_note":"","_monsterinsights_sitenote_category":0},"product_brand":[],"product_cat":[15],"product_tag":[],"class_list":{"0":"post-7720","1":"product","2":"type-product","3":"status-publish","4":"has-post-thumbnail","6":"product_cat-non-classe","8":"first","9":"instock","10":"shipping-taxable","11":"purchasable","12":"product-type-simple"},"acf":[],"_links":{"self":[{"href":"https:\/\/www.myinformatique.ma\/bienvenue\/wp-json\/wp\/v2\/product\/7720","targetHints":{"allow":["GET"]}}],"collection":[{"href":"https:\/\/www.myinformatique.ma\/bienvenue\/wp-json\/wp\/v2\/product"}],"about":[{"href":"https:\/\/www.myinformatique.ma\/bienvenue\/wp-json\/wp\/v2\/types\/product"}],"replies":[{"embeddable":true,"href":"https:\/\/www.myinformatique.ma\/bienvenue\/wp-json\/wp\/v2\/comments?post=7720"}],"wp:featuredmedia":[{"embeddable":true,"href":"https:\/\/www.myinformatique.ma\/bienvenue\/wp-json\/wp\/v2\/media\/6697"}],"wp:attachment":[{"href":"https:\/\/www.myinformatique.ma\/bienvenue\/wp-json\/wp\/v2\/media?parent=7720"}],"wp:term":[{"taxonomy":"product_brand","embeddable":true,"href":"https:\/\/www.myinformatique.ma\/bienvenue\/wp-json\/wp\/v2\/product_brand?post=7720"},{"taxonomy":"product_cat","embeddable":true,"href":"https:\/\/www.myinformatique.ma\/bienvenue\/wp-json\/wp\/v2\/product_cat?post=7720"},{"taxonomy":"product_tag","embeddable":true,"href":"https:\/\/www.myinformatique.ma\/bienvenue\/wp-json\/wp\/v2\/product_tag?post=7720"}],"curies":[{"name":"wp","href":"https:\/\/api.w.org\/{rel}","templated":true}]}}