{"id":7709,"date":"2023-07-26T10:31:05","date_gmt":"2023-07-26T10:31:05","guid":{"rendered":"https:\/\/www.myinformatique.ma\/bienvenue\/?post_type=product&#038;p=7709"},"modified":"2023-07-26T11:24:21","modified_gmt":"2023-07-26T11:24:21","slug":"playstation5-digital-edition-god-of-war-ragnarok","status":"publish","type":"product","link":"https:\/\/www.myinformatique.ma\/bienvenue\/product\/playstation5-digital-edition-god-of-war-ragnarok\/","title":{"rendered":"PlayStation\u00ae5 Digital Edition + God of War Ragnar\u00f6k"},"content":{"rendered":"","protected":false},"excerpt":{"rendered":"<table style=\"height: 200px;\" width=\"500\">\n<tbody>\n<tr>\n<td width=\"410\">PlayStation\u00ae5 Digital Edition Avec Bonus de 500DH offert pour l&#8217;achat sur Playstation\u2122Store<\/td>\n<\/tr>\n<tr>\n<td>Console PlayStation\u00ae5 \u00c9dition num\u00e9rique &#8211; God of War Ragnar\u00f6k<\/td>\n<\/tr>\n<tr>\n<td>Jouez \u00e0 God of War Ragnar\u00f6k et profitez des incroyables innovations de la PS5<\/td>\n<\/tr>\n<tr>\n<td>Visuels en 4K et en HDR<\/td>\n<\/tr>\n<tr>\n<td>Retour haptique et g\u00e2chettes adaptatives de la manette sans fil DualSense <\/td>\n<\/tr>\n<tr>\n<td>Technologie sonore Tempest 3D Audio Tech<\/td>\n<\/tr>\n<tr>\n<td>1 manette sans fil DualSense\u2122<\/td>\n<\/tr>\n<\/tbody>\n<\/table>\n","protected":false},"featured_media":7711,"comment_status":"open","ping_status":"closed","template":"","meta":{"_acf_changed":false,"_monsterinsights_skip_tracking":false,"_monsterinsights_sitenote_active":false,"_monsterinsights_sitenote_note":"","_monsterinsights_sitenote_category":0},"product_brand":[],"product_cat":[15],"product_tag":[],"class_list":{"0":"post-7709","1":"product","2":"type-product","3":"status-publish","4":"has-post-thumbnail","6":"product_cat-non-classe","8":"first","9":"instock","10":"shipping-taxable","11":"purchasable","12":"product-type-simple"},"acf":[],"_links":{"self":[{"href":"https:\/\/www.myinformatique.ma\/bienvenue\/wp-json\/wp\/v2\/product\/7709","targetHints":{"allow":["GET"]}}],"collection":[{"href":"https:\/\/www.myinformatique.ma\/bienvenue\/wp-json\/wp\/v2\/product"}],"about":[{"href":"https:\/\/www.myinformatique.ma\/bienvenue\/wp-json\/wp\/v2\/types\/product"}],"replies":[{"embeddable":true,"href":"https:\/\/www.myinformatique.ma\/bienvenue\/wp-json\/wp\/v2\/comments?post=7709"}],"wp:featuredmedia":[{"embeddable":true,"href":"https:\/\/www.myinformatique.ma\/bienvenue\/wp-json\/wp\/v2\/media\/7711"}],"wp:attachment":[{"href":"https:\/\/www.myinformatique.ma\/bienvenue\/wp-json\/wp\/v2\/media?parent=7709"}],"wp:term":[{"taxonomy":"product_brand","embeddable":true,"href":"https:\/\/www.myinformatique.ma\/bienvenue\/wp-json\/wp\/v2\/product_brand?post=7709"},{"taxonomy":"product_cat","embeddable":true,"href":"https:\/\/www.myinformatique.ma\/bienvenue\/wp-json\/wp\/v2\/product_cat?post=7709"},{"taxonomy":"product_tag","embeddable":true,"href":"https:\/\/www.myinformatique.ma\/bienvenue\/wp-json\/wp\/v2\/product_tag?post=7709"}],"curies":[{"name":"wp","href":"https:\/\/api.w.org\/{rel}","templated":true}]}}