{"id":10514,"date":"2026-05-11T16:22:01","date_gmt":"2026-05-11T16:22:01","guid":{"rendered":"https:\/\/www.myinformatique.ma\/bienvenue\/?post_type=product&#038;p=10514"},"modified":"2026-05-11T18:06:30","modified_gmt":"2026-05-11T18:06:30","slug":"xiaomi-electric-scooter-5-plus-siege","status":"publish","type":"product","link":"https:\/\/www.myinformatique.ma\/bienvenue\/product\/xiaomi-electric-scooter-5-plus-siege\/","title":{"rendered":"Xiaomi Electric Scooter 5 Plus + Si\u00e8ge"},"content":{"rendered":"","protected":false},"excerpt":{"rendered":"<p>Profitez d\u2019un moyen de transport \u00e9lectrique complet et confortable gr\u00e2ce \u00e0 la <strong data-start=\"193\" data-end=\"218\">Xiaomi Scooter 5 Plus<\/strong> accompagn\u00e9 de son <strong data-start=\"237\" data-end=\"267\">si\u00e8ge ergonomique r\u00e9glable<\/strong>, id\u00e9al pour les trajets quotidiens ou moyens trajets urbains.<\/p>\n<hr \/>\n<ul>\n<li><em>\u00a0<strong data-start=\"337\" data-end=\"364\">Electric Scooter 5 Plus<\/strong><\/em><\/li>\n<\/ul>\n<hr \/>\n<p><strong data-start=\"368\" data-end=\"390\">Vitesse :<\/strong> jusqu\u2019\u00e0 <strong data-start=\"399\" data-end=\"410\">25 km\/h<\/strong><\/p>\n<hr \/>\n<p><strong data-start=\"337\" data-end=\"352\">Autonomie :<\/strong> jusqu\u2019\u00e0 <strong>60\u00a0km<\/strong><\/p>\n<hr \/>\n<p><strong data-start=\"376\" data-end=\"398\">Puissance moteur :<\/strong> jusqu\u2019\u00e0 9<strong data-start=\"407\" data-end=\"416\">00 W<\/strong> pour une bonne acc\u00e9l\u00e9ration<\/p>\n<hr \/>\n<p><strong data-start=\"523\" data-end=\"544\" data-is-only-node=\"\">Conduite stable :<\/strong> pour une exp\u00e9rience en toute s\u00e9curit\u00e9<\/p>\n<hr \/>\n<p><strong data-start=\"588\" data-end=\"608\">Design moderne :<\/strong> cadre robuste et facile \u00e0 man\u0153uvrer<\/p>\n<hr \/>\n<ul>\n<li><em><strong>Si\u00e8ge de Scooter 5 Plus<\/strong><\/em><\/li>\n<\/ul>\n<hr \/>\n<p><strong data-start=\"691\" data-end=\"723\">Coussin de si\u00e8ge ergonomique<\/strong> \u2013 confort m\u00eame sur longues distances<\/p>\n<hr \/>\n<p><strong data-start=\"766\" data-end=\"798\">Cadre en alliage d\u2019aluminium<\/strong> \u2013 solide et l\u00e9ger<\/p>\n<hr \/>\n<p>M\u00e9canisme de verrouillage haute r\u00e9sistance<\/p>\n<hr \/>\n<p><strong data-start=\"874\" data-end=\"894\">Hauteur r\u00e9glable<\/strong> \u2013 s\u2019adapte \u00e0 votre position<\/p>\n<hr \/>\n<p>\ud83d\udcb0 <strong data-start=\"934\" data-end=\"959\">Prix Scooter 5 Plus :<\/strong> 5 490 DH<br data-start=\"968\" data-end=\"971\" \/>\ud83d\udcba <strong data-start=\"974\" data-end=\"998\">Prix Si\u00e8ge Scooter :<\/strong> 990 DH<\/p>\n<p>&nbsp;<\/p>\n","protected":false},"featured_media":10512,"comment_status":"open","ping_status":"closed","template":"","meta":{"_acf_changed":false,"_monsterinsights_skip_tracking":false,"_monsterinsights_sitenote_active":false,"_monsterinsights_sitenote_note":"","_monsterinsights_sitenote_category":0},"product_brand":[],"product_cat":[262],"product_tag":[],"class_list":{"0":"post-10514","1":"product","2":"type-product","3":"status-publish","4":"has-post-thumbnail","6":"product_cat-trottinettes","8":"first","9":"instock","10":"shipping-taxable","11":"purchasable","12":"product-type-simple"},"acf":[],"_links":{"self":[{"href":"https:\/\/www.myinformatique.ma\/bienvenue\/wp-json\/wp\/v2\/product\/10514","targetHints":{"allow":["GET"]}}],"collection":[{"href":"https:\/\/www.myinformatique.ma\/bienvenue\/wp-json\/wp\/v2\/product"}],"about":[{"href":"https:\/\/www.myinformatique.ma\/bienvenue\/wp-json\/wp\/v2\/types\/product"}],"replies":[{"embeddable":true,"href":"https:\/\/www.myinformatique.ma\/bienvenue\/wp-json\/wp\/v2\/comments?post=10514"}],"wp:featuredmedia":[{"embeddable":true,"href":"https:\/\/www.myinformatique.ma\/bienvenue\/wp-json\/wp\/v2\/media\/10512"}],"wp:attachment":[{"href":"https:\/\/www.myinformatique.ma\/bienvenue\/wp-json\/wp\/v2\/media?parent=10514"}],"wp:term":[{"taxonomy":"product_brand","embeddable":true,"href":"https:\/\/www.myinformatique.ma\/bienvenue\/wp-json\/wp\/v2\/product_brand?post=10514"},{"taxonomy":"product_cat","embeddable":true,"href":"https:\/\/www.myinformatique.ma\/bienvenue\/wp-json\/wp\/v2\/product_cat?post=10514"},{"taxonomy":"product_tag","embeddable":true,"href":"https:\/\/www.myinformatique.ma\/bienvenue\/wp-json\/wp\/v2\/product_tag?post=10514"}],"curies":[{"name":"wp","href":"https:\/\/api.w.org\/{rel}","templated":true}]}}