{"id":10476,"date":"2026-04-10T10:30:05","date_gmt":"2026-04-10T10:30:05","guid":{"rendered":"https:\/\/www.myinformatique.ma\/bienvenue\/?post_type=product&#038;p=10476"},"modified":"2026-04-10T10:36:10","modified_gmt":"2026-04-10T10:36:10","slug":"galaxy-s26-ultra-256-gb","status":"publish","type":"product","link":"https:\/\/www.myinformatique.ma\/bienvenue\/product\/galaxy-s26-ultra-256-gb\/","title":{"rendered":"Galaxy S26 Ultra 256 GB"},"content":{"rendered":"","protected":false},"excerpt":{"rendered":"<p>Processeur : Snapdragon\u00ae 8 Elite Gen 5 Elite pour Galaxy \u2013 Performances de nouvelle g\u00e9n\u00e9ration<\/p>\n<hr \/>\n<p>RAM : 12 Go LPDDR5 \u2013 Fluidit\u00e9 multit\u00e2che assur\u00e9e<\/p>\n<hr \/>\n<p>Stockage : 256 Go UFS 4.0 \u2013 Rapide et spacieux<\/p>\n<hr \/>\n<p>\u00c9cran : 6.9\u201d QHD+ AMOLED 120Hz \u2013 Ultra-fluide et lumineux<\/p>\n<hr \/>\n<p>Cam\u00e9ra : Grand angle 200MP + Ultra large 50,0 MP + T\u00e9l\u00e9objectif 5<span role=\"listitem\">0,0 MP\u00a0<\/span>+ Avant 12,0 MP (zoom 30x)<\/p>\n<hr \/>\n<p>Batterie : 5000 mAh \u2013 Jusqu\u2019\u00e0 31\u00a0heures de lecture vid\u00e9o<\/p>\n<hr \/>\n<p>Design : \u00c9l\u00e9gant, premium et r\u00e9sistant (selon coloris disponibles)<\/p>\n","protected":false},"featured_media":10474,"comment_status":"open","ping_status":"closed","template":"","meta":{"_acf_changed":false,"_monsterinsights_skip_tracking":false,"_monsterinsights_sitenote_active":false,"_monsterinsights_sitenote_note":"","_monsterinsights_sitenote_category":0},"product_brand":[],"product_cat":[309,236],"product_tag":[],"class_list":{"0":"post-10476","1":"product","2":"type-product","3":"status-publish","4":"has-post-thumbnail","6":"product_cat-samsung","7":"product_cat-telephones","9":"first","10":"instock","11":"shipping-taxable","12":"purchasable","13":"product-type-simple"},"acf":[],"_links":{"self":[{"href":"https:\/\/www.myinformatique.ma\/bienvenue\/wp-json\/wp\/v2\/product\/10476","targetHints":{"allow":["GET"]}}],"collection":[{"href":"https:\/\/www.myinformatique.ma\/bienvenue\/wp-json\/wp\/v2\/product"}],"about":[{"href":"https:\/\/www.myinformatique.ma\/bienvenue\/wp-json\/wp\/v2\/types\/product"}],"replies":[{"embeddable":true,"href":"https:\/\/www.myinformatique.ma\/bienvenue\/wp-json\/wp\/v2\/comments?post=10476"}],"wp:featuredmedia":[{"embeddable":true,"href":"https:\/\/www.myinformatique.ma\/bienvenue\/wp-json\/wp\/v2\/media\/10474"}],"wp:attachment":[{"href":"https:\/\/www.myinformatique.ma\/bienvenue\/wp-json\/wp\/v2\/media?parent=10476"}],"wp:term":[{"taxonomy":"product_brand","embeddable":true,"href":"https:\/\/www.myinformatique.ma\/bienvenue\/wp-json\/wp\/v2\/product_brand?post=10476"},{"taxonomy":"product_cat","embeddable":true,"href":"https:\/\/www.myinformatique.ma\/bienvenue\/wp-json\/wp\/v2\/product_cat?post=10476"},{"taxonomy":"product_tag","embeddable":true,"href":"https:\/\/www.myinformatique.ma\/bienvenue\/wp-json\/wp\/v2\/product_tag?post=10476"}],"curies":[{"name":"wp","href":"https:\/\/api.w.org\/{rel}","templated":true}]}}