{"id":8738,"date":"2024-05-03T17:15:25","date_gmt":"2024-05-03T17:15:25","guid":{"rendered":"https:\/\/www.myinformatique.ma\/bienvenue\/?page_id=8738"},"modified":"2026-03-03T11:51:56","modified_gmt":"2026-03-03T11:51:56","slug":"credit-gratuit","status":"publish","type":"page","link":"https:\/\/www.myinformatique.ma\/bienvenue\/credit-gratuit\/","title":{"rendered":"Informations"},"content":{"rendered":"\t\t<div data-elementor-type=\"wp-post\" data-elementor-id=\"8738\" class=\"elementor elementor-8738\">\n\t\t\t\t\t\t<section class=\"elementor-section elementor-top-section elementor-element elementor-element-6f22e94 elementor-section-full_width elementor-section-height-default elementor-section-height-default\" data-id=\"6f22e94\" data-element_type=\"section\" data-e-type=\"section\">\n\t\t\t\t\t\t<div class=\"elementor-container elementor-column-gap-default\">\n\t\t\t\t\t<div class=\"elementor-column elementor-col-50 elementor-top-column elementor-element elementor-element-c4acc2d\" data-id=\"c4acc2d\" data-element_type=\"column\" data-e-type=\"column\">\n\t\t\t<div class=\"elementor-widget-wrap elementor-element-populated\">\n\t\t\t\t\t\t<div class=\"elementor-element elementor-element-dcb9d06 elementor-icon-list--layout-traditional elementor-list-item-link-full_width elementor-widget elementor-widget-icon-list\" data-id=\"dcb9d06\" data-element_type=\"widget\" data-e-type=\"widget\" data-widget_type=\"icon-list.default\">\n\t\t\t\t<div class=\"elementor-widget-container\">\n\t\t\t\t\t\t\t<ul class=\"elementor-icon-list-items\">\n\t\t\t\t\t\t\t<li class=\"elementor-icon-list-item\">\n\t\t\t\t\t\t\t\t\t\t\t<a href=\"#Financement\">\n\n\t\t\t\t\t\t\t\t\t\t\t\t<span class=\"elementor-icon-list-icon\">\n\t\t\t\t\t\t\t<i aria-hidden=\"true\" class=\"fas fa-money-check\"><\/i>\t\t\t\t\t\t<\/span>\n\t\t\t\t\t\t\t\t\t\t<span class=\"elementor-icon-list-text\">Financement \u2013 cr\u00e9dit gratuit<\/span>\n\t\t\t\t\t\t\t\t\t\t\t<\/a>\n\t\t\t\t\t\t\t\t\t<\/li>\n\t\t\t\t\t\t\t\t<li class=\"elementor-icon-list-item\">\n\t\t\t\t\t\t\t\t\t\t\t<a href=\"#Garanties\">\n\n\t\t\t\t\t\t\t\t\t\t\t\t<span class=\"elementor-icon-list-icon\">\n\t\t\t\t\t\t\t<i aria-hidden=\"true\" class=\"far fa-check-circle\"><\/i>\t\t\t\t\t\t<\/span>\n\t\t\t\t\t\t\t\t\t\t<span class=\"elementor-icon-list-text\">Garantie<\/span>\n\t\t\t\t\t\t\t\t\t\t\t<\/a>\n\t\t\t\t\t\t\t\t\t<\/li>\n\t\t\t\t\t\t<\/ul>\n\t\t\t\t\t\t<\/div>\n\t\t\t\t<\/div>\n\t\t\t\t\t<\/div>\n\t\t<\/div>\n\t\t\t\t<div class=\"elementor-column elementor-col-50 elementor-top-column elementor-element elementor-element-447761e\" data-id=\"447761e\" data-element_type=\"column\" data-e-type=\"column\">\n\t\t\t<div class=\"elementor-widget-wrap elementor-element-populated\">\n\t\t\t\t\t\t<div class=\"elementor-element elementor-element-c1e9fe5 elementor-widget elementor-widget-html\" data-id=\"c1e9fe5\" data-element_type=\"widget\" data-e-type=\"widget\" data-widget_type=\"html.default\">\n\t\t\t\t<div class=\"elementor-widget-container\">\n\t\t\t\t\t<div id=\"Financement\"><\/div>\t\t\t\t<\/div>\n\t\t\t\t<\/div>\n\t\t\t\t<div class=\"elementor-element elementor-element-42412bc elementor-widget elementor-widget-heading\" data-id=\"42412bc\" data-element_type=\"widget\" data-e-type=\"widget\" data-widget_type=\"heading.default\">\n\t\t\t\t<div class=\"elementor-widget-container\">\n\t\t\t\t\t<h3 class=\"elementor-heading-title elementor-size-default\">Achetez d\u00e8s maintenant et b\u00e9n\u00e9ficiez\nd'un Cr\u00e9dit Gratuit 0% jusqu'\u00e0 24 Mois<\/h3>\t\t\t\t<\/div>\n\t\t\t\t<\/div>\n\t\t\t\t<div class=\"elementor-element elementor-element-6f938d1 elementor-widget elementor-widget-image\" data-id=\"6f938d1\" data-element_type=\"widget\" data-e-type=\"widget\" data-widget_type=\"image.default\">\n\t\t\t\t<div class=\"elementor-widget-container\">\n\t\t\t\t\t\t\t\t\t\t\t\t\t\t\t<img fetchpriority=\"high\" decoding=\"async\" width=\"768\" height=\"307\" src=\"https:\/\/www.myinformatique.ma\/bienvenue\/wp-content\/uploads\/2026\/03\/Copy-of-Copy-of-www.reallygreatsite.com-20-768x307.png\" class=\"attachment-medium_large size-medium_large wp-image-10383\" alt=\"\" srcset=\"https:\/\/www.myinformatique.ma\/bienvenue\/wp-content\/uploads\/2026\/03\/Copy-of-Copy-of-www.reallygreatsite.com-20-768x307.png 768w, https:\/\/www.myinformatique.ma\/bienvenue\/wp-content\/uploads\/2026\/03\/Copy-of-Copy-of-www.reallygreatsite.com-20-300x120.png 300w, https:\/\/www.myinformatique.ma\/bienvenue\/wp-content\/uploads\/2026\/03\/Copy-of-Copy-of-www.reallygreatsite.com-20-1024x410.png 1024w, https:\/\/www.myinformatique.ma\/bienvenue\/wp-content\/uploads\/2026\/03\/Copy-of-Copy-of-www.reallygreatsite.com-20-1536x614.png 1536w, https:\/\/www.myinformatique.ma\/bienvenue\/wp-content\/uploads\/2026\/03\/Copy-of-Copy-of-www.reallygreatsite.com-20-2048x819.png 2048w, https:\/\/www.myinformatique.ma\/bienvenue\/wp-content\/uploads\/2026\/03\/Copy-of-Copy-of-www.reallygreatsite.com-20-600x240.png 600w\" sizes=\"(max-width: 768px) 100vw, 768px\" \/>\t\t\t\t\t\t\t\t\t\t\t\t\t\t\t<\/div>\n\t\t\t\t<\/div>\n\t\t\t\t<div class=\"elementor-element elementor-element-ba5b0c9 elementor-widget elementor-widget-html\" data-id=\"ba5b0c9\" data-element_type=\"widget\" data-e-type=\"widget\" data-widget_type=\"html.default\">\n\t\t\t\t<div class=\"elementor-widget-container\">\n\t\t\t\t\t<h3 style=\"text-align: center;\"> <span style=\"color:#48BAC1; font-weight: 600;\">Chez My informatique,<\/span>  vous pouvez \u00e9taler vos paiements en magasin et b\u00e9n\u00e9ficier \u00e0 l\u2019occasion d\u2019un cr\u00e9dit gratuit allant <span style=\"color:#48BAC1; font-weight: 600;\"> jusqu\u2019\u00e0 24mois. <\/span><\/h3>\t\t\t\t<\/div>\n\t\t\t\t<\/div>\n\t\t\t\t<div class=\"elementor-element elementor-element-d978965 elementor-widget__width-initial elementor-widget elementor-widget-heading\" data-id=\"d978965\" data-element_type=\"widget\" data-e-type=\"widget\" data-widget_type=\"heading.default\">\n\t\t\t\t<div class=\"elementor-widget-container\">\n\t\t\t\t\t<h4 class=\"elementor-heading-title elementor-size-default\"><a href=\"https:\/\/wa.me\/212661857747\" target=\"_blank\" rel=\"noopener\">\nDemandez votre cr\u00e9dit en ligne<\/a><\/h4>\t\t\t\t<\/div>\n\t\t\t\t<\/div>\n\t\t\t\t<div class=\"elementor-element elementor-element-bc147be elementor-widget elementor-widget-text-editor\" data-id=\"bc147be\" data-element_type=\"widget\" data-e-type=\"widget\" data-widget_type=\"text-editor.default\">\n\t\t\t\t<div class=\"elementor-widget-container\">\n\t\t\t\t\t\t\t\t\t<h5>\u00a0<\/h5><h5>L\u2019octroi d\u2019un cr\u00e9dit, est conditionn\u00e9 par un montant d\u2019achat de 2000 DH TTC minimum et d\u2019une valeur d\u2019\u00e9ch\u00e9ance de 180 DH TTC\/mois, sous r\u00e9serve de l\u2019acceptation du dossier de cr\u00e9dit par l\u2019organisme de financement partenaire \u00ab Wafasalaf \u00bb.<\/h5><h5>Les frais de dossier changent en fonction de la dur\u00e9e de cr\u00e9dit.<\/h5><h5>\u00a0<\/h5><h5>Si vous \u00eates un nouveau client Wafasalaf, c\u2019est simple\u2026constituez un dossier de cr\u00e9dit Photocopie de la CIN<br \/>\u2013 Justificatif de r\u00e9sidence (datant de moins de 3 mois)<br \/>\u2013 D\u00e9claration de Cnss<br \/>\u2013 3 derniers relev\u00e9s bancaires originaux ou extraits cachet\u00e9s par la banque<br \/>\u2013 2 derniers bulletins de paie<br \/>\u2013 Attestation de travail<\/h5><h5>Si vous \u00eates d\u00e9j\u00e0 client un client Wafasalaf, seules ces pi\u00e8ces suffiront :<\/h5><h5>\u2013 Copie de la CIN<br \/>\u2013 Dernier relev\u00e9 bancaire<br \/>\u2013 Dernier bulletin de paie<\/h5><h5>Contactez-nous pour toutes vos questions et demandes de services chez My Informatique. Notre \u00e9quipe est pr\u00eate \u00e0 vous aider avec efficacit\u00e9.<\/h5>\t\t\t\t\t\t\t\t<\/div>\n\t\t\t\t<\/div>\n\t\t\t\t<div class=\"elementor-element elementor-element-e0fc889 elementor-widget elementor-widget-html\" data-id=\"e0fc889\" data-element_type=\"widget\" data-e-type=\"widget\" data-widget_type=\"html.default\">\n\t\t\t\t<div class=\"elementor-widget-container\">\n\t\t\t\t\t<div id=\"Garanties\"><\/div>\t\t\t\t<\/div>\n\t\t\t\t<\/div>\n\t\t\t\t<div class=\"elementor-element elementor-element-438d200 elementor-widget elementor-widget-heading\" data-id=\"438d200\" data-element_type=\"widget\" data-e-type=\"widget\" data-widget_type=\"heading.default\">\n\t\t\t\t<div class=\"elementor-widget-container\">\n\t\t\t\t\t<h3 class=\"elementor-heading-title elementor-size-default\">GARANTIES PRODUITS\n<\/h3>\t\t\t\t<\/div>\n\t\t\t\t<\/div>\n\t\t\t\t<div class=\"elementor-element elementor-element-3384e62 elementor-widget elementor-widget-text-editor\" data-id=\"3384e62\" data-element_type=\"widget\" data-e-type=\"widget\" data-widget_type=\"text-editor.default\">\n\t\t\t\t<div class=\"elementor-widget-container\">\n\t\t\t\t\t\t\t\t\t<h4><strong>1. DROIT DE LA GARANTIE<\/strong><\/h4><ul><li>Les micro-ordinateurs sont garantis 1 An Pi\u00e8ces et Main d\u2019Euvre retour \u00e0 l\u2019atelier du fournisseur.<\/li><li>La p\u00e9riode de garantie commence d\u00e8s la date de r\u00e9ception du mat\u00e9riel par l\u2019acheteur.<\/li><li>La garantie cesse de produire ses effets d\u00e8s que le micro-ordinateur \u00e0 \u00e9t\u00e9 ouvert par quelqu\u2019un<br \/>d\u2019autre que le personnel agr\u00e9e par my informatique. Ainsi donc, si la vignette de la garantie, coll\u00e9e<br \/>sur le PC \u00e0 sa sortie de l\u2019\u00e9tablissement est d\u00e9chir\u00e9e, l\u2019acqu\u00e9reur n\u2019a plus le droit \u00e0 la garantie de<br \/>my informatique.<\/li><li>Transfert de propri\u00e9t\u00e9 : La garantie est accord\u00e9e \u00e0 l\u2019acheteur initial et ne peut, de ce fait, \u00eatre<br \/>c\u00e9dee.<\/li><\/ul><section class=\"section inner-bottom-xs\"><h4><strong>2. PRESTATIONS NON COUVERTES PAR LA GARANTIE:<\/strong><\/h4><h5>Les exclus de la garantie :<\/h5><\/section><ul><li>Les pannes caus\u00e9es par l\u2019introduction d\u2019un corps \u00e9tranger (solide ou liquide) dans l\u2019une des<br \/>composantes du micro-ordinateur.<\/li><li>Les pannes provoqu\u00e9es par un usage non conforme aux conditions d\u2019utilisation.<\/li><li>La r\u00e9paration des d\u00e9g\u00e2ts survenus aux appareils et dont la cause est imputable \u00e0 la n\u00e9gligence<br \/>de l\u2019utilisateur.<\/li><li>Les pannes dont l\u2019origine proviennent d\u2019une instabilit\u00e9 du courant \u00e9lectrique.<\/li><li>Les r\u00e9parations sur le clavier, la souris, l\u2019imprimante et les haut-parleurs.<\/li><li>Les dysfonctionnements caus\u00e9s par :<br \/>L\u2019Installation incorrecte, la maintenance par des produits impropres, des connexions incorrectes<br \/>ou bien des outils p\u00e9riph\u00e9riques incorrects, par l\u2019utilisation des pi\u00e8ces de rechange qui ne sont pas<br \/>fournis par my informatique et les services ou modifications \/r\u00e9parations faits par des personnes<br \/>qui ne sont pas autoris\u00e9s par my informatique.<\/li><li>Les pannes et d\u00e9g\u00e2ts attribuables \u00e0 une force majeure (gr\u00e8ve, incendie, inondation, catastrophe<br \/>naturelle etc.)<\/li><li>Les pannes dont l\u2019origine proviennent du transport du mat\u00e9riel d\u2019un lieu \u00e0 un autre.<\/li><li>Les pannes caus\u00e9es par l\u2019attaque d\u2019un virus informatique.<\/li><li>Les pannes caus\u00e9es par l\u2019accumulation de la poussi\u00e8re.<\/li><li>Les pannes provoqu\u00e9es par la d\u00e9t\u00e9rioration volontaire ou accidentelle.<\/li><li>La garantie de certains accessoires du micro-ordinateur est couverte par les services du<br \/>fabricant. (Ex: moniteur LG, p\u00e9riph\u00e9riques HP, etc.). A CONSULTER VOTRE COMMERCIAL.<\/li><li>Installation ou r\u00e9installation programmes, logiciels, formatage etc\u2026..<\/li><\/ul>\t\t\t\t\t\t\t\t<\/div>\n\t\t\t\t<\/div>\n\t\t\t\t<div class=\"elementor-element elementor-element-51b0b3c elementor-widget__width-initial elementor-widget elementor-widget-heading\" data-id=\"51b0b3c\" data-element_type=\"widget\" data-e-type=\"widget\" data-widget_type=\"heading.default\">\n\t\t\t\t<div class=\"elementor-widget-container\">\n\t\t\t\t\t<h4 class=\"elementor-heading-title elementor-size-default\"><a href=\"https:\/\/wa.me\/212661857747\" target=\"_blank\" rel=\"noopener\">\nDemandez votre cr\u00e9dit en ligne<\/a><\/h4>\t\t\t\t<\/div>\n\t\t\t\t<\/div>\n\t\t\t\t\t<\/div>\n\t\t<\/div>\n\t\t\t\t\t<\/div>\n\t\t<\/section>\n\t\t\t\t<\/div>\n\t\t","protected":false},"excerpt":{"rendered":"<p>Financement \u2013 cr\u00e9dit gratuit Garantie Achetez d\u00e8s maintenant et b\u00e9n\u00e9ficiez d&#8217;un Cr\u00e9dit Gratuit 0% jusqu&#8217;\u00e0 24 Mois Chez My informatique, vous pouvez \u00e9taler vos paiements en magasin et b\u00e9n\u00e9ficier \u00e0<\/p>\n","protected":false},"author":15,"featured_media":0,"parent":0,"menu_order":0,"comment_status":"closed","ping_status":"closed","template":"","meta":{"_acf_changed":false,"_monsterinsights_skip_tracking":false,"_monsterinsights_sitenote_active":false,"_monsterinsights_sitenote_note":"","_monsterinsights_sitenote_category":0,"footnotes":""},"class_list":["post-8738","page","type-page","status-publish","hentry"],"acf":[],"_links":{"self":[{"href":"https:\/\/www.myinformatique.ma\/bienvenue\/wp-json\/wp\/v2\/pages\/8738","targetHints":{"allow":["GET"]}}],"collection":[{"href":"https:\/\/www.myinformatique.ma\/bienvenue\/wp-json\/wp\/v2\/pages"}],"about":[{"href":"https:\/\/www.myinformatique.ma\/bienvenue\/wp-json\/wp\/v2\/types\/page"}],"author":[{"embeddable":true,"href":"https:\/\/www.myinformatique.ma\/bienvenue\/wp-json\/wp\/v2\/users\/15"}],"replies":[{"embeddable":true,"href":"https:\/\/www.myinformatique.ma\/bienvenue\/wp-json\/wp\/v2\/comments?post=8738"}],"version-history":[{"count":49,"href":"https:\/\/www.myinformatique.ma\/bienvenue\/wp-json\/wp\/v2\/pages\/8738\/revisions"}],"predecessor-version":[{"id":10416,"href":"https:\/\/www.myinformatique.ma\/bienvenue\/wp-json\/wp\/v2\/pages\/8738\/revisions\/10416"}],"wp:attachment":[{"href":"https:\/\/www.myinformatique.ma\/bienvenue\/wp-json\/wp\/v2\/media?parent=8738"}],"curies":[{"name":"wp","href":"https:\/\/api.w.org\/{rel}","templated":true}]}}